{"id":887,"date":"2021-01-28T11:40:20","date_gmt":"2021-01-28T10:40:20","guid":{"rendered":"https:\/\/www.stationgallery.sk\/zasady-ochrany-osobnych-udajov\/"},"modified":"2021-02-04T09:21:13","modified_gmt":"2021-02-04T08:21:13","slug":"zasady-ochrany-osobnych-udajov","status":"publish","type":"page","link":"https:\/\/www.stationgallery.sk\/en\/zasady-ochrany-osobnych-udajov\/","title":{"rendered":"Z\u00e1sady ochrany osobn\u00fdch \u00fadajov"},"content":{"rendered":"\n<p><strong>Ochrana osobn\u00fdch \u00fadajov<\/strong><\/p>\n\n<p>Prev\u00e1dzkovate\u013e \u2013 prev\u00e1dzkovate\u013e gal\u00e9rie Station Contemporary Art Gallery&#13;\nRD Studio s. r. o., Pri lesostepi 9, 84110 Bratislava, I\u010cO: 50919458, DI\u010c:2120528696&#13;\nPrev\u00e1dzka: ul. Gust\u00e1va Mall\u00e9ho 2, Bratislava 851 01<\/p>\n\n<p>(\u010falej len \u201ePrev\u00e1dzkovate\u013e\u201c)<\/p>\n\n<p>Prev\u00e1dzkovate\u013e sprac\u00fava osobne \u00fadaje z\u00e1kazn\u00edkov za \u00fa\u010delom:<\/p>\n\n<p><strong>Marketingov\u00fdch \u010dinnosti<\/strong> a to formou:&#13;\nzasielanie direct mailov, newslettrov, programov v\u00fdstav, inform\u00e1ci\u00ed o podujatiach pre verejnos\u0165, ako s\u00fa vernis\u00e1\u017ee a programy organizovan\u00e9 gal\u00e9riou.<\/p>\n\n<p><strong>Registr\u00e1cia na odber noviniek<\/strong><\/p>\n\n<p>N\u00e1v\u0161tevn\u00edk webstr\u00e1nky gal\u00e9rie sa m\u00f4\u017ee prihl\u00e1si\u0165 k odberu noviniek priamo zadan\u00edm svojej e-mailovej adresy do pol\u00ed\u010dka \u201eRegistr\u00e1cia na odber newslettra\u2026\u201c uvedenom na webstr\u00e1nke <strong>stationgallery.sk<\/strong><\/p>\n\n<p>V pr\u00edpade, ak sa rozhodnete odobera\u0165 zasielan\u00e9 marketingov\u00e9 inform\u00e1cie o na\u0161ich aktivit\u00e1ch, zbierame aj \u00fadaje s t\u00fdm s\u00favisiace. Jedin\u00fdm <strong>povinn\u00fdm \u00fadajom je va\u0161a e-mailov\u00e1 adresa<\/strong>, ktor\u00fa vyu\u017e\u00edvame na to, aby sme s vami vedeli komunikova\u0165.<\/p>\n\n<p>Ak n\u00e1m na to udel\u00edte s\u00fahlas, uchov\u00e1vame si va\u0161u e-mailov\u00fa adresu aj na \u00fa\u010del zasielania <strong>inform\u00e1ci\u00ed o tituloch, ktor\u00e9 v\u00e1s zaujali, \u0161peci\u00e1lnych ponuk\u00e1ch a t\u00fd\u017edenn\u00fdch novink\u00e1ch.<\/strong><\/p>\n\n<p>S\u00fahlas sa vz\u0165ahuje na v\u0161etky spracovate\u013esk\u00e9 \u010dinnosti vykon\u00e1van\u00e9 s osobn\u00fdmi \u00fadajmi na ten ist\u00fd \u00fa\u010del.<\/p>\n\n<p>Dotknut\u00e1 osoba ude\u013euje s\u00fahlas na sprac\u00favanie osobn\u00fdch \u00fadajov na dobu p\u00e4\u0165 rokov od udelenia s\u00fahlasu. Po uplynut\u00ed vy\u0161\u0161ie uvedenej doby prev\u00e1dzkovate\u013e bezodkladne vykon\u00e1 likvid\u00e1ciu (v\u00fdmaz) poskytnut\u00fdch osobn\u00fdch \u00fadajov z informa\u010dn\u00fdch syst\u00e9mov prev\u00e1dzkovate\u013ea. To neplat\u00ed, ak dotknut\u00e1 osoba vyu\u017eila svoje pr\u00e1vo na vymazanie v zmysle \u010dl. 17 nariadenia GDPR.<\/p>\n\n<p>S\u00fahlas je mo\u017en\u00e9 kedyko\u013evek p\u00edsomne odvola\u0165 na adrese prev\u00e1dzkovate\u013ea alebo zaslan\u00edm e-mailu na e-mailov\u00fa adresu <a href=\"mailto:stationcontemporary@gmail.com\">stationcontemporary@gmail.com<\/a>. Zasielanie marketingovej komunik\u00e1cie o novink\u00e1ch a aktu\u00e1lnych ponuk\u00e1ch programu m\u00f4\u017eete odvola\u0165 v ka\u017edom e-maili kliknut\u00edm na link ,,odhl\u00e1si\u0165 sa z odberu\u201c. Automatick\u00e9 odhl\u00e1senie je zobrazen\u00e9 v spodnej \u010dasti newsletter spr\u00e1vy, ktor\u00e1 v\u00e1m pr\u00edde na vami zadan\u00fa e-mailov\u00fa adresu. Va\u0161e pr\u00e1va m\u00f4\u017eete uplatni\u0165 aj zavolan\u00edm na telef\u00f3nne \u010d\u00edslo +421 915713642, p\u00edsomne na adrese RD Studio s. r. o., Pri lesostepi 9, 84110 Braitslava.<\/p>\n\n<p><strong>Spolo\u010dn\u00e9 ustanovenia:<\/strong>&#13;\nOsobn\u00e9 \u00fadaje, ktor\u00e9 poskytujete prev\u00e1dzkovate\u013eovi prostredn\u00edctvom registra\u010dn\u00e9ho formul\u00e1ra musia by\u0165 pravdiv\u00e9, a v pr\u00edpade ich zmeny ste povinn\u00fd o ich zmene bezodkladne informova\u0165 aj prev\u00e1dzkovate\u013ea.<\/p>\n\n<p>Ochrana va\u0161ich osobn\u00fdch \u00fadajov sa spravuje ustanoveniami z\u00e1kona o ochrane osobn\u00fdch \u00fadajov, pri\u010dom va\u0161e pr\u00e1va s\u00fa upraven\u00e9 v\u0161eobecnom Nariaden\u00ed EP a R (E\u00da) 2016\/679 o ochrane fyzick\u00fdch os\u00f4b pri sprac\u00favan\u00ed osobn\u00fdch \u00fadajov a o vo\u013enom pohybe tak\u00fdchto \u00fadajov, napr. pr\u00e1vo na z\u00e1klade p\u00edsomnej \u017eiadosti po\u017eadova\u0165:&#13;\n<strong>Pr\u00e1vo na pr\u00edstup<\/strong>&#13;\n\u2022 M\u00e1te pr\u00e1vo na poskytnutie k\u00f3pie osobn\u00fdch \u00fadajov, ktor\u00e9 o V\u00e1s m\u00e1me k dispoz\u00edcii, ako aj na inform\u00e1cie o tom, ako Va\u0161e osobn\u00e9 \u00fadaje pou\u017e\u00edvame. Vo v\u00e4\u010d\u0161ine pr\u00edpadov v\u00e1m bud\u00fa Va\u0161e osobn\u00e9 \u00fadaje poskytnut\u00e9 v p\u00edsomnej listinnej forme, pokia\u013e nie je z Va\u0161ej strany po\u017eadovan\u00e9 inak. Ak ste o poskytnutie t\u00fdchto inform\u00e1ci\u00ed po\u017eiadali elektronick\u00fdmi prostriedkami, bud\u00fa v\u00e1m poskytnut\u00e9 elektronicky, ak to bude technicky mo\u017en\u00e9.&#13;\n<strong>Pr\u00e1vo na n\u00e1pravu<\/strong>&#13;\n\u2022 Prij\u00edmame primeran\u00e9 opatrenia, aby sme zabezpe\u010dili presnos\u0165 a aktu\u00e1lnos\u0165 inform\u00e1ci\u00ed, ktor\u00e9 o V\u00e1s m\u00e1me k dispoz\u00edcii. Ak si mysl\u00edte, \u017ee \u00fadaje, ktor\u00fdmi disponujeme, s\u00fa nepresn\u00e9, ne\u00fapln\u00e9 alebo neaktu\u00e1lne, pros\u00edm, nev\u00e1hajte n\u00e1s po\u017eiada\u0165, aby sme tieto inform\u00e1cie upravili, aktualizovali alebo doplnili.&#13;\n<strong>Pr\u00e1vo na vymazanie<\/strong>&#13;\n\u2022 Za ur\u010dit\u00fdch okolnost\u00ed m\u00e1te pr\u00e1vo n\u00e1s po\u017eiada\u0165 o vymazanie Va\u0161ich osobn\u00fdch \u00fadajov, napr\u00edklad v pr\u00edpade, ak osobn\u00e9 \u00fadaje, ktor\u00e9 sme o V\u00e1s z\u00edskali, u\u017e viac nie s\u00fa potrebn\u00e9 na naplnenie p\u00f4vodn\u00e9ho \u00fa\u010delu spracovania alebo v pr\u00edpade, ak odvol\u00e1te svoj s\u00fahlas so spracovan\u00edm. Va\u0161e pr\u00e1vo je v\u0161ak potrebn\u00e9 pos\u00fadi\u0165 z poh\u013eadu v\u0161etk\u00fdch relevantn\u00fdch okolnost\u00ed. Napr\u00edklad, m\u00f4\u017eeme ma\u0165 ur\u010dit\u00e9 pr\u00e1vne a regula\u010dn\u00e9 povinnosti, \u010do znamen\u00e1, \u017ee nebudeme m\u00f4c\u0165 Va\u0161ej \u017eiadosti vyhovie\u0165.&#13;\n<strong>Pr\u00e1vo na obmedzenie spracovania<\/strong>&#13;\n\u2022 Za ur\u010dit\u00fdch okolnost\u00ed ste opr\u00e1vnen\u00fd n\u00e1s po\u017eiada\u0165, aby sme prestali pou\u017e\u00edva\u0165 Va\u0161e osobn\u00e9 \u00fadaje. Ide napr\u00edklad o pr\u00edpady, ke\u010f si mysl\u00edte, \u017ee osobn\u00e9 \u00fadaje, ktor\u00e9 o V\u00e1s m\u00e1me, m\u00f4\u017eu by\u0165 nepresn\u00e9 alebo ke\u010f si mysl\u00edte, \u017ee u\u017e Va\u0161e osobn\u00e9 \u00fadaje nepotrebujeme vyu\u017e\u00edva\u0165.&#13;\n<strong>Pr\u00e1vo na prenosnos\u0165 \u00fadajov<\/strong>&#13;\n\u2022 Za ur\u010dit\u00fdch okolnost\u00ed m\u00e1te pr\u00e1vo po\u017eiada\u0165 n\u00e1s o prenos osobn\u00fdch \u00fadajov, ktor\u00e9 ste n\u00e1m poskytli, na in\u00fa tretiu stranu pod\u013ea V\u00e1\u0161ho v\u00fdberu. Pr\u00e1vo na prenosnos\u0165 sa v\u0161ak t\u00fdka len osobn\u00fdch \u00fadajov, ktor\u00e9 sme od V\u00e1s z\u00edskali na z\u00e1klade s\u00fahlasu alebo na z\u00e1klade zmluvy, ktorej ste jednou zo zmluvn\u00fdch str\u00e1n.&#13;\n<strong>Pr\u00e1vo namieta\u0165<\/strong>&#13;\n\u2022 M\u00e1te pr\u00e1vo namieta\u0165 vo\u010di spracovaniu \u00fadajov, ktor\u00e9 je zalo\u017een\u00e9 na na\u0161ich legit\u00edmnych opr\u00e1vnen\u00fdch z\u00e1ujmoch (napr\u00edklad osobn\u00e9 \u00fadaje sprac\u00favame na \u00fa\u010del bezpe\u010dnosti siete a infra\u0161trukt\u00fary). V pr\u00edpade, ak nem\u00e1me presved\u010div\u00fd legit\u00edmny opr\u00e1vnen\u00fd d\u00f4vod na spracovanie a vy pod\u00e1te n\u00e1mietku, nebudeme Va\u0161e osobn\u00e9 \u00fadaje \u010falej sprac\u00fava\u0165.<\/p>\n\n<p><strong>Tretie strany:<\/strong>&#13;\nVa\u0161e osobn\u00e9 \u00fadaje m\u00f4\u017eu by\u0165 poskytnut\u00e9 tret\u00edm stran\u00e1m a sprostredkovate\u013eom, t.j. subjektom spolupracuj\u00facim s prev\u00e1dzkovate\u013eom, ktor\u00fdmi s\u00fa napr\u00edklad prepravn\u00e9 a doru\u010dovacie spolo\u010dnosti. Moment\u00e1lne spolupracujeme so spolo\u010dnos\u0165ou Slovensk\u00e1 po\u0161ta, a. s. Partiz\u00e1nska cesta 9, 975 99 Bansk\u00e1 Bystrica, I\u010cO: 36631124, zap\u00edsan\u00e1 v Obchodnom registri Okresn\u00e9ho s\u00fadu Bansk\u00e1 Bystrica, Oddiel Sa, Vlo\u017eka \u010d.803\/S www.posta.sk<\/p>\n\n<p><strong>Pr\u00e1vo poda\u0165 s\u0165a\u017enos\u0165<\/strong>&#13;\nAk chcete poda\u0165 s\u0165a\u017enos\u0165 na sp\u00f4sob, ak\u00fdm s\u00fa va\u0161e osobn\u00e9 \u00fadaje sprac\u00favan\u00e9, vr\u00e1tane uplatnenia vy\u0161\u0161ie uveden\u00fdch pr\u00e1v, m\u00f4\u017eete sa na n\u00e1s obr\u00e1ti\u0165 na telefonickej linke: +421 915713642, poslan\u00edm e-mailu na adresu: <a href=\"mailto:stationcontemporary@gmail.com\">stationcontemporary@gmail.com<\/a>, alebo p\u00edsomnou \u017eiados\u0165ou zaslanou do s\u00eddla prev\u00e1dzkovate\u013ea: RD Studio, s. r. o., Pri lesostepi 9, 84110 Bratislava.&#13;\nAk nie ste spokojn\u00fd s na\u0161ou odpove\u010fou, alebo sa domnievate, \u017ee va\u0161e osobn\u00e9 \u00fadaje sprac\u00favame nespravodlivo alebo nez\u00e1konne, m\u00f4\u017eete poda\u0165 s\u0165a\u017enos\u0165 na dozorn\u00fd org\u00e1n, ktor\u00fdm je \u00darad na ochranu osobn\u00fdch \u00fadajov Slovenskej republiky, <a href=\"https:\/\/dataprotection.gov.sk\" target=\"_blank\" rel=\"noreferrer noopener nofollow\">https:\/\/dataprotection.gov.sk<\/a>, Hrani\u010dn\u00e1 12, 820 07 Bratislava 27; tel. \u010d\u00edslo: +421 \/2\/ 3231 3214; e-mail: <a href=\"mailto:statny.dozor@pdp.gov.sk\">statny.dozor@pdp.gov.sk<\/a>.<\/p>\n","protected":false},"excerpt":{"rendered":"<p>Ochrana osobn\u00fdch \u00fadajov Prev\u00e1dzkovate\u013e \u2013 prev\u00e1dzkovate\u013e gal\u00e9rie Station Contemporary Art Gallery&#13; RD Studio s. r. o., Pri lesostepi 9, 84110 Bratislava, I\u010cO: 50919458, DI\u010c:2120528696&#13; Prev\u00e1dzka: ul. Gust\u00e1va Mall\u00e9ho 2, Bratislava 851 01 (\u010falej len \u201ePrev\u00e1dzkovate\u013e\u201c) Prev\u00e1dzkovate\u013e sprac\u00fava osobne \u00fadaje z\u00e1kazn\u00edkov za \u00fa\u010delom: Marketingov\u00fdch \u010dinnosti a to formou:&#13; zasielanie direct mailov, newslettrov, programov v\u00fdstav, inform\u00e1ci\u00ed o podujatiach pre verejnos\u0165, ako s\u00fa [&hellip;]<\/p>\n","protected":false},"author":1,"featured_media":0,"parent":0,"menu_order":0,"comment_status":"closed","ping_status":"open","template":"","meta":{"footnotes":""},"class_list":["post-887","page","type-page","status-publish","hentry"],"yoast_head":"<!-- This site is optimized with the Yoast SEO plugin v24.8.1 - https:\/\/yoast.com\/wordpress\/plugins\/seo\/ -->\n<title>Z\u00e1sady ochrany osobn\u00fdch \u00fadajov | Station Contemporary Art Gallery<\/title>\n<meta name=\"robots\" content=\"index, follow, max-snippet:-1, max-image-preview:large, max-video-preview:-1\" \/>\n<link rel=\"canonical\" href=\"https:\/\/www.stationgallery.sk\/en\/zasady-ochrany-osobnych-udajov\/\" \/>\n<meta property=\"og:locale\" content=\"en_US\" \/>\n<meta property=\"og:type\" content=\"article\" \/>\n<meta property=\"og:title\" content=\"Z\u00e1sady ochrany osobn\u00fdch \u00fadajov | Station Contemporary Art Gallery\" \/>\n<meta property=\"og:description\" content=\"Ochrana osobn\u00fdch \u00fadajov Prev\u00e1dzkovate\u013e \u2013 prev\u00e1dzkovate\u013e gal\u00e9rie Station Contemporary Art Gallery&#013; RD Studio s. r. o., Pri lesostepi 9, 84110 Bratislava, I\u010cO: 50919458, DI\u010c:2120528696&#013; Prev\u00e1dzka: ul. Gust\u00e1va Mall\u00e9ho 2, Bratislava 851 01 (\u010falej len \u201ePrev\u00e1dzkovate\u013e\u201c) Prev\u00e1dzkovate\u013e sprac\u00fava osobne \u00fadaje z\u00e1kazn\u00edkov za \u00fa\u010delom: Marketingov\u00fdch \u010dinnosti a to formou:&#013; zasielanie direct mailov, newslettrov, programov v\u00fdstav, inform\u00e1ci\u00ed o podujatiach pre verejnos\u0165, ako s\u00fa [&hellip;]\" \/>\n<meta property=\"og:url\" content=\"https:\/\/www.stationgallery.sk\/en\/zasady-ochrany-osobnych-udajov\/\" \/>\n<meta property=\"og:site_name\" content=\"Station Contemporary Art Gallery\" \/>\n<meta property=\"article:modified_time\" content=\"2021-02-04T08:21:13+00:00\" \/>\n<meta name=\"twitter:card\" content=\"summary_large_image\" \/>\n<meta name=\"twitter:label1\" content=\"Est. reading time\" \/>\n\t<meta name=\"twitter:data1\" content=\"6 minutes\" \/>\n<script type=\"application\/ld+json\" class=\"yoast-schema-graph\">{\"@context\":\"https:\/\/schema.org\",\"@graph\":[{\"@type\":\"WebPage\",\"@id\":\"https:\/\/www.stationgallery.sk\/en\/zasady-ochrany-osobnych-udajov\/\",\"url\":\"https:\/\/www.stationgallery.sk\/en\/zasady-ochrany-osobnych-udajov\/\",\"name\":\"Z\u00e1sady ochrany osobn\u00fdch \u00fadajov | Station Contemporary Art Gallery\",\"isPartOf\":{\"@id\":\"https:\/\/www.stationgallery.sk\/en\/#website\"},\"datePublished\":\"2021-01-28T10:40:20+00:00\",\"dateModified\":\"2021-02-04T08:21:13+00:00\",\"breadcrumb\":{\"@id\":\"https:\/\/www.stationgallery.sk\/en\/zasady-ochrany-osobnych-udajov\/#breadcrumb\"},\"inLanguage\":\"en-US\",\"potentialAction\":[{\"@type\":\"ReadAction\",\"target\":[\"https:\/\/www.stationgallery.sk\/en\/zasady-ochrany-osobnych-udajov\/\"]}]},{\"@type\":\"BreadcrumbList\",\"@id\":\"https:\/\/www.stationgallery.sk\/en\/zasady-ochrany-osobnych-udajov\/#breadcrumb\",\"itemListElement\":[{\"@type\":\"ListItem\",\"position\":1,\"name\":\"Domovsk\u00e1 str\u00e1nka\",\"item\":\"https:\/\/www.stationgallery.sk\/en\/\"},{\"@type\":\"ListItem\",\"position\":2,\"name\":\"Z\u00e1sady ochrany osobn\u00fdch \u00fadajov\"}]},{\"@type\":\"WebSite\",\"@id\":\"https:\/\/www.stationgallery.sk\/en\/#website\",\"url\":\"https:\/\/www.stationgallery.sk\/en\/\",\"name\":\"Station Contemporary Art Gallery\",\"description\":\"\",\"publisher\":{\"@id\":\"https:\/\/www.stationgallery.sk\/en\/#organization\"},\"potentialAction\":[{\"@type\":\"SearchAction\",\"target\":{\"@type\":\"EntryPoint\",\"urlTemplate\":\"https:\/\/www.stationgallery.sk\/en\/?s={search_term_string}\"},\"query-input\":{\"@type\":\"PropertyValueSpecification\",\"valueRequired\":true,\"valueName\":\"search_term_string\"}}],\"inLanguage\":\"en-US\"},{\"@type\":\"Organization\",\"@id\":\"https:\/\/www.stationgallery.sk\/en\/#organization\",\"name\":\"STATION Contemporary Art Gallery\",\"url\":\"https:\/\/www.stationgallery.sk\/en\/\",\"logo\":{\"@type\":\"ImageObject\",\"inLanguage\":\"en-US\",\"@id\":\"https:\/\/www.stationgallery.sk\/en\/#\/schema\/logo\/image\/\",\"url\":\"https:\/\/www.stationgallery.sk\/wp-content\/uploads\/2020\/12\/station-gallery-logo.png\",\"contentUrl\":\"https:\/\/www.stationgallery.sk\/wp-content\/uploads\/2020\/12\/station-gallery-logo.png\",\"width\":649,\"height\":115,\"caption\":\"STATION Contemporary Art Gallery\"},\"image\":{\"@id\":\"https:\/\/www.stationgallery.sk\/en\/#\/schema\/logo\/image\/\"}}]}<\/script>\n<!-- \/ Yoast SEO plugin. -->","yoast_head_json":{"title":"Z\u00e1sady ochrany osobn\u00fdch \u00fadajov | Station Contemporary Art Gallery","robots":{"index":"index","follow":"follow","max-snippet":"max-snippet:-1","max-image-preview":"max-image-preview:large","max-video-preview":"max-video-preview:-1"},"canonical":"https:\/\/www.stationgallery.sk\/en\/zasady-ochrany-osobnych-udajov\/","og_locale":"en_US","og_type":"article","og_title":"Z\u00e1sady ochrany osobn\u00fdch \u00fadajov | Station Contemporary Art Gallery","og_description":"Ochrana osobn\u00fdch \u00fadajov Prev\u00e1dzkovate\u013e \u2013 prev\u00e1dzkovate\u013e gal\u00e9rie Station Contemporary Art Gallery&#13; RD Studio s. r. o., Pri lesostepi 9, 84110 Bratislava, I\u010cO: 50919458, DI\u010c:2120528696&#13; Prev\u00e1dzka: ul. Gust\u00e1va Mall\u00e9ho 2, Bratislava 851 01 (\u010falej len \u201ePrev\u00e1dzkovate\u013e\u201c) Prev\u00e1dzkovate\u013e sprac\u00fava osobne \u00fadaje z\u00e1kazn\u00edkov za \u00fa\u010delom: Marketingov\u00fdch \u010dinnosti a to formou:&#13; zasielanie direct mailov, newslettrov, programov v\u00fdstav, inform\u00e1ci\u00ed o podujatiach pre verejnos\u0165, ako s\u00fa [&hellip;]","og_url":"https:\/\/www.stationgallery.sk\/en\/zasady-ochrany-osobnych-udajov\/","og_site_name":"Station Contemporary Art Gallery","article_modified_time":"2021-02-04T08:21:13+00:00","twitter_card":"summary_large_image","twitter_misc":{"Est. reading time":"6 minutes"},"schema":{"@context":"https:\/\/schema.org","@graph":[{"@type":"WebPage","@id":"https:\/\/www.stationgallery.sk\/en\/zasady-ochrany-osobnych-udajov\/","url":"https:\/\/www.stationgallery.sk\/en\/zasady-ochrany-osobnych-udajov\/","name":"Z\u00e1sady ochrany osobn\u00fdch \u00fadajov | Station Contemporary Art Gallery","isPartOf":{"@id":"https:\/\/www.stationgallery.sk\/en\/#website"},"datePublished":"2021-01-28T10:40:20+00:00","dateModified":"2021-02-04T08:21:13+00:00","breadcrumb":{"@id":"https:\/\/www.stationgallery.sk\/en\/zasady-ochrany-osobnych-udajov\/#breadcrumb"},"inLanguage":"en-US","potentialAction":[{"@type":"ReadAction","target":["https:\/\/www.stationgallery.sk\/en\/zasady-ochrany-osobnych-udajov\/"]}]},{"@type":"BreadcrumbList","@id":"https:\/\/www.stationgallery.sk\/en\/zasady-ochrany-osobnych-udajov\/#breadcrumb","itemListElement":[{"@type":"ListItem","position":1,"name":"Domovsk\u00e1 str\u00e1nka","item":"https:\/\/www.stationgallery.sk\/en\/"},{"@type":"ListItem","position":2,"name":"Z\u00e1sady ochrany osobn\u00fdch \u00fadajov"}]},{"@type":"WebSite","@id":"https:\/\/www.stationgallery.sk\/en\/#website","url":"https:\/\/www.stationgallery.sk\/en\/","name":"Station Contemporary Art Gallery","description":"","publisher":{"@id":"https:\/\/www.stationgallery.sk\/en\/#organization"},"potentialAction":[{"@type":"SearchAction","target":{"@type":"EntryPoint","urlTemplate":"https:\/\/www.stationgallery.sk\/en\/?s={search_term_string}"},"query-input":{"@type":"PropertyValueSpecification","valueRequired":true,"valueName":"search_term_string"}}],"inLanguage":"en-US"},{"@type":"Organization","@id":"https:\/\/www.stationgallery.sk\/en\/#organization","name":"STATION Contemporary Art Gallery","url":"https:\/\/www.stationgallery.sk\/en\/","logo":{"@type":"ImageObject","inLanguage":"en-US","@id":"https:\/\/www.stationgallery.sk\/en\/#\/schema\/logo\/image\/","url":"https:\/\/www.stationgallery.sk\/wp-content\/uploads\/2020\/12\/station-gallery-logo.png","contentUrl":"https:\/\/www.stationgallery.sk\/wp-content\/uploads\/2020\/12\/station-gallery-logo.png","width":649,"height":115,"caption":"STATION Contemporary Art Gallery"},"image":{"@id":"https:\/\/www.stationgallery.sk\/en\/#\/schema\/logo\/image\/"}}]}},"_links":{"self":[{"href":"https:\/\/www.stationgallery.sk\/en\/wp-json\/wp\/v2\/pages\/887","targetHints":{"allow":["GET"]}}],"collection":[{"href":"https:\/\/www.stationgallery.sk\/en\/wp-json\/wp\/v2\/pages"}],"about":[{"href":"https:\/\/www.stationgallery.sk\/en\/wp-json\/wp\/v2\/types\/page"}],"author":[{"embeddable":true,"href":"https:\/\/www.stationgallery.sk\/en\/wp-json\/wp\/v2\/users\/1"}],"replies":[{"embeddable":true,"href":"https:\/\/www.stationgallery.sk\/en\/wp-json\/wp\/v2\/comments?post=887"}],"version-history":[{"count":0,"href":"https:\/\/www.stationgallery.sk\/en\/wp-json\/wp\/v2\/pages\/887\/revisions"}],"wp:attachment":[{"href":"https:\/\/www.stationgallery.sk\/en\/wp-json\/wp\/v2\/media?parent=887"}],"curies":[{"name":"wp","href":"https:\/\/api.w.org\/{rel}","templated":true}]}}