{"id":860,"date":"2021-01-27T10:00:37","date_gmt":"2021-01-27T09:00:37","guid":{"rendered":"https:\/\/www.stationgallery.sk\/artists\/matus-matatko\/"},"modified":"2025-05-04T17:02:19","modified_gmt":"2025-05-04T15:02:19","slug":"matus-matatko","status":"publish","type":"page","link":"https:\/\/www.stationgallery.sk\/en\/artists\/matus-matatko\/","title":{"rendered":"Mat\u00fa\u0161 Ma\u0165\u00e1tko"},"content":{"rendered":"<div class=\"wpb-content-wrapper\">[vc_row curly_padding=&#8221;content-padding&#8221; css=&#8221;.vc_custom_1504195713546{padding-bottom: 0px !important;}&#8221;][vc_column][vc_column_text]\n<h1 class=\"display-3 special-title\" style=\"text-align: center;\">\u00a0Mat\u00fa\u0161 Ma\u0165\u00e1tko<\/h1>\n[\/vc_column_text][vc_empty_space height=&#8221;&#8221; el_class=&#8221;xtd-spacer&#8221;][\/vc_column][vc_column width=&#8221;1\/3&#8243;][vc_single_image image=&#8221;4942&#8243; img_size=&#8221;full&#8221; style=&#8221;xtd-shadow&#8211;normal-light&#8221; css=&#8221;&#8221; el_class=&#8221;xtd-offset-frame&#8221;][vc_empty_space height=&#8221;&#8221; el_class=&#8221;xtd-spacer&#8221;][\/vc_column][vc_column width=&#8221;2\/3&#8243; offset=&#8221;vc_col-lg-offset-1 vc_col-lg-7&#8243;][vc_row_inner el_class=&#8221;mb-3&#8243;][vc_column_inner][vc_btn title=&#8221;Artworks available&#8221; style=&#8221;btn-outline-primary&#8221; i_align=&#8221;right&#8221; i_icon_fontawesome=&#8221;fas fa-long-arrow-alt-down&#8221; add_icon=&#8221;true&#8221; link=&#8221;url:%23diela|&#8221; el_class=&#8221;mr-3&#8243;][vc_btn title=&#8221;Exhibition&#8221; style=&#8221;btn-outline-primary&#8221; i_align=&#8221;right&#8221; i_icon_fontawesome=&#8221;fas fa-long-arrow-alt-down&#8221; add_icon=&#8221;true&#8221; link=&#8221;url:%23vystavy|&#8221; el_class=&#8221;mr-3&#8243;][vc_btn title=&#8221;Curriculum vitae&#8221; style=&#8221;btn-outline-primary&#8221; i_align=&#8221;right&#8221; i_icon_fontawesome=&#8221;fas fa-long-arrow-alt-down&#8221; add_icon=&#8221;true&#8221; link=&#8221;url:%23zivotopis|&#8221;][\/vc_column_inner][\/vc_row_inner][vc_column_text]Mat\u00fa\u0161 Ma\u0165\u00e1tko (1984) graduated from Academy of Arts in Bratislava, studio of free graphics and illustration with prof. Du\u0161an K\u00e1llay. He specializes in large-scale graphics, illustration, sculpture and painting. His works were presented in 2012 at 4 exhibitions in Japan. In 2016, he attended an art residency in Bali (Slowpunch). He worked on multiple large-scale paintings in public spaces; in the area of the 4D gallery in GA, &#8220;Angels&#8221; on Mari\u00e1nsk\u00e1 Street in Bratislava, in the lobby of Nova Cvernovka (Genie from the bottle released &#8230;) and the mural &#8220;Birth&#8221; on Jakubovo square in Bratislava. He presented his monumental sculptures For Eternal Glory at the festivals Pohoda and Sculpture and the object. His last solo project White-Blue-Red Epic was exhibited in the Liptov gallery P.M. Boh\u00fa\u0148a. He has been actively creating and exhibiting in Slovakia and abroad since 2007.[\/vc_column_text][\/vc_column][\/vc_row][vc_row el_id=&#8221;diela&#8221;][vc_column][vc_column_text]\n<h2 class=\"special-title\" style=\"text-align: center;\">Artworks available<\/h2>\n[\/vc_column_text][vc_media_grid element_width=&#8221;3&#8243; grid_id=&#8221;vc_gid:1746370893757-f5ad007b-e1b3-5&#8243; include=&#8221;754,755,756&#8243;][\/vc_column][\/vc_row][vc_row el_id=&#8221;vystavy&#8221;][vc_column][vc_column_text]\n<h2 class=\"special-title\" style=\"text-align: center;\">Exhibition<\/h2>\n[\/vc_column_text][vc_media_grid element_width=&#8221;3&#8243; css=&#8221;&#8221; grid_id=&#8221;vc_gid:1746370893759-dcfc580a-d7f8-3&#8243; include=&#8221;4982,4980,4978,4976,4974&#8243;][\/vc_column][\/vc_row][vc_row el_id=&#8221;zivotopis&#8221;][vc_column][vc_column_text]\n<h2 class=\"special-title\" style=\"text-align: center;\">Curriculum vitae<\/h2>\n[\/vc_column_text][vc_row_inner][vc_column_inner width=&#8221;1\/2&#8243;][vc_column_text]<strong>Education<\/strong><\/p>\n<p>2005 \u2013 2011 V\u0160VU \u2013 Academy of Fine Arts in Bratislava (Slovakia), Atelier of printmaking, grahic and illustration &#8211; prof. Du\u0161an K\u00e1llay<br \/>\n2010 &#8211; Art residency at The Academy of Arts, Architecture and Design in Prague, Atelier of ilustration and graphic techniques, MgA. Juraj Horv\u00e1th<\/p>\n<p><strong>Solo exhibitions<\/strong><\/p>\n<p>2020 \u2013 White-blue-red Epic, Liptovska galeria P.M.Bohu\u0148a, Liptovsky Mikulas, SK<br \/>\n2019 \u2013 White-blue-red Epic, Nov\u00e1 Cvernovka, Bratislava, SK<br \/>\n2019 \u2013 Tropic-Exotic, Magna Gallery, Pie\u0161\u0165any, SK<br \/>\n2018 \u2013 Ship of fools, (with poet \u0160imon Ondru\u0161), Green foundation, Bratislava, SK<br \/>\n2017 \u2013 Heroes of work, \u010cin \u010cin Gallery, Bratislava, SK<br \/>\n2017 \u2013 Comics land, BIBIANA, Bratislava, SK<br \/>\n2016 &#8211; Bum-Trum, Cink! Tresk! , (with Milan Adam\u010diak), Kabinet, Bratislava, SK<br \/>\n2016 &#8211; Harvest, Magna Gallery, Pie\u0161tany, Sk<br \/>\n2016 &#8211; Ma\u0165\u00e1tko, Pretty Poison and Slow Punch project, Canggu-Bali, Indonesia<br \/>\n2014 &#8211; Solstice, Ateli\u00e9r Bavlna, Bratislava, SK<br \/>\n2014 \u2013 Heroes, Idols and People, Gagarinka Gallery, Bratislava, SK<br \/>\n2014 &#8211; Overturn, Magdal\u00e9na\/4D Gallery, Bratislava, SK<\/p>\n<p><strong>Group shows<\/strong><\/p>\n<p>2020- Urban Icons, Arosita Gallery, Sofia, Bulgaria<br \/>\n2019 &#8211; Short retrospective Savoy Gallery, Bratislava, SK<br \/>\n2019 &#8211; City Jungle, Open air pop-up, Bremgarten Bei Bern, Switzerland<br \/>\n2018 &#8211; Belt and Road, China and CEEC print exhibition, Ningbo Museum of Art, Ningbo, China<br \/>\n2018 &#8211; \u00c1CH! , TOTO! gallery, Bratislava, SK<br \/>\n2017 &#8211; Hard-Boiled School \/ Contemporary Graphic Art Confronting History, Slovak National Gallery, Esterh\u00e1zyho pal\u00e1c, Bratislava, SK<br \/>\n2016 &#8211; Who wants to belong in my country? , Article Gallery, Birmingham, UK<br \/>\n2015 &#8211; Open Air statue park on Festival Pohoda, Tren\u010d\u00edn, SK<br \/>\n2014 &#8211; Skulptur Lab, Pisztory palace\/Grassalkovich garden, Bratislava, SK<br \/>\n2014 &#8211; Diversity Required, Slovak National Gallery, Esterh\u00e1zy palace, Bratislava, SK<br \/>\n2013 &#8211; MASO object 2013 (Statue and Object), Exhibition hall of Univerzity library, Bratislava, SK<br \/>\n2013 &#8211; Biennial of Illustration BIB in Japan, Ashikaga Museum of Art, Japan<br \/>\n2012 &#8211; Milan Adam\u010diak- Galanta songs, Tranzit, Bratislava, SK<br \/>\n2012 &#8211; Biennial of Illustration BIB in Japan<br \/>\n2012 &#8211; Apocalypse now, Gallery Medium, Bratislava, SK<br \/>\n2011 &#8211; U102, Krokus Gallery, Bratislava, SK[\/vc_column_text][\/vc_column_inner][vc_column_inner width=&#8221;1\/2&#8243;][vc_column_text]<strong>Prices<\/strong><\/p>\n<p>2017 \u2013 The most beautiful Book of Slovakia (organizer: Bibiana): \u010cerven\u00fd v\u00edrus a ku\u010derav\u00fd Sebasti\u00e1n (illustrated book for children)<br \/>\n2016 \u2013 The most beautiful Book of Slovakia (organizer: Bibiana): Lapinovci z\u00a0letiska (illustrated book for children)<br \/>\n2016 \u2013 The most beautiful Book of Autumn (organizer: Bibiana): Lapinovci z letiska (illustrated book for children)<br \/>\n2011- Slovak Triennial of graphic arts, Banska Bystrica \u2013 Honorable mention for Serie: Idols (Stalin)<br \/>\n2011 &#8211; The most beautiful Book of Spring (organizer: Bibiana): Jaro kripl\u016f<br \/>\n2007- The most beautiful Book of Slovakia (organizer: Bibiana): Graphic serie Evolution<br \/>\n2005- The most beautiful Book of Slovakia (organizer: Bibiana): Sny husenice R\u00farky[\/vc_column_text][\/vc_column_inner][\/vc_row_inner][\/vc_column][\/vc_row]\n<\/div>","protected":false},"excerpt":{"rendered":"<p>[vc_row curly_padding=&#8221;content-padding&#8221; css=&#8221;.vc_custom_1504195713546{padding-bottom: 0px !important;}&#8221;][vc_column][vc_column_text] \u00a0Mat\u00fa\u0161 Ma\u0165\u00e1tko [\/vc_column_text][vc_empty_space height=&#8221;&#8221; el_class=&#8221;xtd-spacer&#8221;][\/vc_column][vc_column width=&#8221;1\/3&#8243;][vc_single_image image=&#8221;4942&#8243; img_size=&#8221;full&#8221; style=&#8221;xtd-shadow&#8211;normal-light&#8221; css=&#8221;&#8221; el_class=&#8221;xtd-offset-frame&#8221;][vc_empty_space height=&#8221;&#8221; el_class=&#8221;xtd-spacer&#8221;][\/vc_column][vc_column width=&#8221;2\/3&#8243; offset=&#8221;vc_col-lg-offset-1 vc_col-lg-7&#8243;][vc_row_inner el_class=&#8221;mb-3&#8243;][vc_column_inner][vc_btn title=&#8221;Artworks available&#8221; style=&#8221;btn-outline-primary&#8221; i_align=&#8221;right&#8221; i_icon_fontawesome=&#8221;fas fa-long-arrow-alt-down&#8221; add_icon=&#8221;true&#8221; link=&#8221;url:%23diela|&#8221; el_class=&#8221;mr-3&#8243;][vc_btn title=&#8221;Exhibition&#8221; style=&#8221;btn-outline-primary&#8221; i_align=&#8221;right&#8221; i_icon_fontawesome=&#8221;fas fa-long-arrow-alt-down&#8221; add_icon=&#8221;true&#8221; link=&#8221;url:%23vystavy|&#8221; el_class=&#8221;mr-3&#8243;][vc_btn title=&#8221;Curriculum vitae&#8221; style=&#8221;btn-outline-primary&#8221; i_align=&#8221;right&#8221; i_icon_fontawesome=&#8221;fas fa-long-arrow-alt-down&#8221; add_icon=&#8221;true&#8221; link=&#8221;url:%23zivotopis|&#8221;][\/vc_column_inner][\/vc_row_inner][vc_column_text]Mat\u00fa\u0161 Ma\u0165\u00e1tko (1984) graduated from Academy of Arts in Bratislava, studio of free graphics [&hellip;]<\/p>\n","protected":false},"author":1,"featured_media":0,"parent":803,"menu_order":0,"comment_status":"closed","ping_status":"closed","template":"","meta":{"footnotes":""},"class_list":["post-860","page","type-page","status-publish","hentry"],"yoast_head":"<!-- This site is optimized with the Yoast SEO plugin v24.8.1 - https:\/\/yoast.com\/wordpress\/plugins\/seo\/ -->\n<title>Mat\u00fa\u0161 Ma\u0165\u00e1tko | Station Contemporary Art Gallery<\/title>\n<meta name=\"robots\" content=\"index, follow, max-snippet:-1, max-image-preview:large, max-video-preview:-1\" \/>\n<link rel=\"canonical\" href=\"https:\/\/www.stationgallery.sk\/en\/artists\/matus-matatko\/\" \/>\n<meta property=\"og:locale\" content=\"en_US\" \/>\n<meta property=\"og:type\" content=\"article\" \/>\n<meta property=\"og:title\" content=\"Mat\u00fa\u0161 Ma\u0165\u00e1tko | Station Contemporary Art Gallery\" \/>\n<meta property=\"og:description\" content=\"[vc_row curly_padding=&#8221;content-padding&#8221; css=&#8221;.vc_custom_1504195713546{padding-bottom: 0px !important;}&#8221;][vc_column][vc_column_text] \u00a0Mat\u00fa\u0161 Ma\u0165\u00e1tko [\/vc_column_text][vc_empty_space height=&#8221;&#8221; el_class=&#8221;xtd-spacer&#8221;][\/vc_column][vc_column width=&#8221;1\/3&#8243;][vc_single_image image=&#8221;4942&#8243; img_size=&#8221;full&#8221; style=&#8221;xtd-shadow&#8211;normal-light&#8221; css=&#8221;&#8221; el_class=&#8221;xtd-offset-frame&#8221;][vc_empty_space height=&#8221;&#8221; el_class=&#8221;xtd-spacer&#8221;][\/vc_column][vc_column width=&#8221;2\/3&#8243; offset=&#8221;vc_col-lg-offset-1 vc_col-lg-7&#8243;][vc_row_inner el_class=&#8221;mb-3&#8243;][vc_column_inner][vc_btn title=&#8221;Artworks available&#8221; style=&#8221;btn-outline-primary&#8221; i_align=&#8221;right&#8221; i_icon_fontawesome=&#8221;fas fa-long-arrow-alt-down&#8221; add_icon=&#8221;true&#8221; link=&#8221;url:%23diela|&#8221; el_class=&#8221;mr-3&#8243;][vc_btn title=&#8221;Exhibition&#8221; style=&#8221;btn-outline-primary&#8221; i_align=&#8221;right&#8221; i_icon_fontawesome=&#8221;fas fa-long-arrow-alt-down&#8221; add_icon=&#8221;true&#8221; link=&#8221;url:%23vystavy|&#8221; el_class=&#8221;mr-3&#8243;][vc_btn title=&#8221;Curriculum vitae&#8221; style=&#8221;btn-outline-primary&#8221; i_align=&#8221;right&#8221; i_icon_fontawesome=&#8221;fas fa-long-arrow-alt-down&#8221; add_icon=&#8221;true&#8221; link=&#8221;url:%23zivotopis|&#8221;][\/vc_column_inner][\/vc_row_inner][vc_column_text]Mat\u00fa\u0161 Ma\u0165\u00e1tko (1984) graduated from Academy of Arts in Bratislava, studio of free graphics [&hellip;]\" \/>\n<meta property=\"og:url\" content=\"https:\/\/www.stationgallery.sk\/en\/artists\/matus-matatko\/\" \/>\n<meta property=\"og:site_name\" content=\"Station Contemporary Art Gallery\" \/>\n<meta property=\"article:modified_time\" content=\"2025-05-04T15:02:19+00:00\" \/>\n<meta name=\"twitter:card\" content=\"summary_large_image\" \/>\n<meta name=\"twitter:label1\" content=\"Est. reading time\" \/>\n\t<meta name=\"twitter:data1\" content=\"6 minutes\" \/>\n<script type=\"application\/ld+json\" class=\"yoast-schema-graph\">{\"@context\":\"https:\/\/schema.org\",\"@graph\":[{\"@type\":\"WebPage\",\"@id\":\"https:\/\/www.stationgallery.sk\/en\/artists\/matus-matatko\/\",\"url\":\"https:\/\/www.stationgallery.sk\/en\/artists\/matus-matatko\/\",\"name\":\"Mat\u00fa\u0161 Ma\u0165\u00e1tko | Station Contemporary Art Gallery\",\"isPartOf\":{\"@id\":\"https:\/\/www.stationgallery.sk\/en\/#website\"},\"datePublished\":\"2021-01-27T09:00:37+00:00\",\"dateModified\":\"2025-05-04T15:02:19+00:00\",\"breadcrumb\":{\"@id\":\"https:\/\/www.stationgallery.sk\/en\/artists\/matus-matatko\/#breadcrumb\"},\"inLanguage\":\"en-US\",\"potentialAction\":[{\"@type\":\"ReadAction\",\"target\":[\"https:\/\/www.stationgallery.sk\/en\/artists\/matus-matatko\/\"]}]},{\"@type\":\"BreadcrumbList\",\"@id\":\"https:\/\/www.stationgallery.sk\/en\/artists\/matus-matatko\/#breadcrumb\",\"itemListElement\":[{\"@type\":\"ListItem\",\"position\":1,\"name\":\"Domovsk\u00e1 str\u00e1nka\",\"item\":\"https:\/\/www.stationgallery.sk\/en\/\"},{\"@type\":\"ListItem\",\"position\":2,\"name\":\"Artists\",\"item\":\"https:\/\/www.stationgallery.sk\/en\/artists\/\"},{\"@type\":\"ListItem\",\"position\":3,\"name\":\"Mat\u00fa\u0161 Ma\u0165\u00e1tko\"}]},{\"@type\":\"WebSite\",\"@id\":\"https:\/\/www.stationgallery.sk\/en\/#website\",\"url\":\"https:\/\/www.stationgallery.sk\/en\/\",\"name\":\"Station Contemporary Art Gallery\",\"description\":\"\",\"publisher\":{\"@id\":\"https:\/\/www.stationgallery.sk\/en\/#organization\"},\"potentialAction\":[{\"@type\":\"SearchAction\",\"target\":{\"@type\":\"EntryPoint\",\"urlTemplate\":\"https:\/\/www.stationgallery.sk\/en\/?s={search_term_string}\"},\"query-input\":{\"@type\":\"PropertyValueSpecification\",\"valueRequired\":true,\"valueName\":\"search_term_string\"}}],\"inLanguage\":\"en-US\"},{\"@type\":\"Organization\",\"@id\":\"https:\/\/www.stationgallery.sk\/en\/#organization\",\"name\":\"STATION Contemporary Art Gallery\",\"url\":\"https:\/\/www.stationgallery.sk\/en\/\",\"logo\":{\"@type\":\"ImageObject\",\"inLanguage\":\"en-US\",\"@id\":\"https:\/\/www.stationgallery.sk\/en\/#\/schema\/logo\/image\/\",\"url\":\"https:\/\/www.stationgallery.sk\/wp-content\/uploads\/2020\/12\/station-gallery-logo.png\",\"contentUrl\":\"https:\/\/www.stationgallery.sk\/wp-content\/uploads\/2020\/12\/station-gallery-logo.png\",\"width\":649,\"height\":115,\"caption\":\"STATION Contemporary Art Gallery\"},\"image\":{\"@id\":\"https:\/\/www.stationgallery.sk\/en\/#\/schema\/logo\/image\/\"}}]}<\/script>\n<!-- \/ Yoast SEO plugin. -->","yoast_head_json":{"title":"Mat\u00fa\u0161 Ma\u0165\u00e1tko | Station Contemporary Art Gallery","robots":{"index":"index","follow":"follow","max-snippet":"max-snippet:-1","max-image-preview":"max-image-preview:large","max-video-preview":"max-video-preview:-1"},"canonical":"https:\/\/www.stationgallery.sk\/en\/artists\/matus-matatko\/","og_locale":"en_US","og_type":"article","og_title":"Mat\u00fa\u0161 Ma\u0165\u00e1tko | Station Contemporary Art Gallery","og_description":"[vc_row curly_padding=&#8221;content-padding&#8221; css=&#8221;.vc_custom_1504195713546{padding-bottom: 0px !important;}&#8221;][vc_column][vc_column_text] \u00a0Mat\u00fa\u0161 Ma\u0165\u00e1tko [\/vc_column_text][vc_empty_space height=&#8221;&#8221; el_class=&#8221;xtd-spacer&#8221;][\/vc_column][vc_column width=&#8221;1\/3&#8243;][vc_single_image image=&#8221;4942&#8243; img_size=&#8221;full&#8221; style=&#8221;xtd-shadow&#8211;normal-light&#8221; css=&#8221;&#8221; el_class=&#8221;xtd-offset-frame&#8221;][vc_empty_space height=&#8221;&#8221; el_class=&#8221;xtd-spacer&#8221;][\/vc_column][vc_column width=&#8221;2\/3&#8243; offset=&#8221;vc_col-lg-offset-1 vc_col-lg-7&#8243;][vc_row_inner el_class=&#8221;mb-3&#8243;][vc_column_inner][vc_btn title=&#8221;Artworks available&#8221; style=&#8221;btn-outline-primary&#8221; i_align=&#8221;right&#8221; i_icon_fontawesome=&#8221;fas fa-long-arrow-alt-down&#8221; add_icon=&#8221;true&#8221; link=&#8221;url:%23diela|&#8221; el_class=&#8221;mr-3&#8243;][vc_btn title=&#8221;Exhibition&#8221; style=&#8221;btn-outline-primary&#8221; i_align=&#8221;right&#8221; i_icon_fontawesome=&#8221;fas fa-long-arrow-alt-down&#8221; add_icon=&#8221;true&#8221; link=&#8221;url:%23vystavy|&#8221; el_class=&#8221;mr-3&#8243;][vc_btn title=&#8221;Curriculum vitae&#8221; style=&#8221;btn-outline-primary&#8221; i_align=&#8221;right&#8221; i_icon_fontawesome=&#8221;fas fa-long-arrow-alt-down&#8221; add_icon=&#8221;true&#8221; link=&#8221;url:%23zivotopis|&#8221;][\/vc_column_inner][\/vc_row_inner][vc_column_text]Mat\u00fa\u0161 Ma\u0165\u00e1tko (1984) graduated from Academy of Arts in Bratislava, studio of free graphics [&hellip;]","og_url":"https:\/\/www.stationgallery.sk\/en\/artists\/matus-matatko\/","og_site_name":"Station Contemporary Art Gallery","article_modified_time":"2025-05-04T15:02:19+00:00","twitter_card":"summary_large_image","twitter_misc":{"Est. reading time":"6 minutes"},"schema":{"@context":"https:\/\/schema.org","@graph":[{"@type":"WebPage","@id":"https:\/\/www.stationgallery.sk\/en\/artists\/matus-matatko\/","url":"https:\/\/www.stationgallery.sk\/en\/artists\/matus-matatko\/","name":"Mat\u00fa\u0161 Ma\u0165\u00e1tko | Station Contemporary Art Gallery","isPartOf":{"@id":"https:\/\/www.stationgallery.sk\/en\/#website"},"datePublished":"2021-01-27T09:00:37+00:00","dateModified":"2025-05-04T15:02:19+00:00","breadcrumb":{"@id":"https:\/\/www.stationgallery.sk\/en\/artists\/matus-matatko\/#breadcrumb"},"inLanguage":"en-US","potentialAction":[{"@type":"ReadAction","target":["https:\/\/www.stationgallery.sk\/en\/artists\/matus-matatko\/"]}]},{"@type":"BreadcrumbList","@id":"https:\/\/www.stationgallery.sk\/en\/artists\/matus-matatko\/#breadcrumb","itemListElement":[{"@type":"ListItem","position":1,"name":"Domovsk\u00e1 str\u00e1nka","item":"https:\/\/www.stationgallery.sk\/en\/"},{"@type":"ListItem","position":2,"name":"Artists","item":"https:\/\/www.stationgallery.sk\/en\/artists\/"},{"@type":"ListItem","position":3,"name":"Mat\u00fa\u0161 Ma\u0165\u00e1tko"}]},{"@type":"WebSite","@id":"https:\/\/www.stationgallery.sk\/en\/#website","url":"https:\/\/www.stationgallery.sk\/en\/","name":"Station Contemporary Art Gallery","description":"","publisher":{"@id":"https:\/\/www.stationgallery.sk\/en\/#organization"},"potentialAction":[{"@type":"SearchAction","target":{"@type":"EntryPoint","urlTemplate":"https:\/\/www.stationgallery.sk\/en\/?s={search_term_string}"},"query-input":{"@type":"PropertyValueSpecification","valueRequired":true,"valueName":"search_term_string"}}],"inLanguage":"en-US"},{"@type":"Organization","@id":"https:\/\/www.stationgallery.sk\/en\/#organization","name":"STATION Contemporary Art Gallery","url":"https:\/\/www.stationgallery.sk\/en\/","logo":{"@type":"ImageObject","inLanguage":"en-US","@id":"https:\/\/www.stationgallery.sk\/en\/#\/schema\/logo\/image\/","url":"https:\/\/www.stationgallery.sk\/wp-content\/uploads\/2020\/12\/station-gallery-logo.png","contentUrl":"https:\/\/www.stationgallery.sk\/wp-content\/uploads\/2020\/12\/station-gallery-logo.png","width":649,"height":115,"caption":"STATION Contemporary Art Gallery"},"image":{"@id":"https:\/\/www.stationgallery.sk\/en\/#\/schema\/logo\/image\/"}}]}},"_links":{"self":[{"href":"https:\/\/www.stationgallery.sk\/en\/wp-json\/wp\/v2\/pages\/860","targetHints":{"allow":["GET"]}}],"collection":[{"href":"https:\/\/www.stationgallery.sk\/en\/wp-json\/wp\/v2\/pages"}],"about":[{"href":"https:\/\/www.stationgallery.sk\/en\/wp-json\/wp\/v2\/types\/page"}],"author":[{"embeddable":true,"href":"https:\/\/www.stationgallery.sk\/en\/wp-json\/wp\/v2\/users\/1"}],"replies":[{"embeddable":true,"href":"https:\/\/www.stationgallery.sk\/en\/wp-json\/wp\/v2\/comments?post=860"}],"version-history":[{"count":1,"href":"https:\/\/www.stationgallery.sk\/en\/wp-json\/wp\/v2\/pages\/860\/revisions"}],"predecessor-version":[{"id":4984,"href":"https:\/\/www.stationgallery.sk\/en\/wp-json\/wp\/v2\/pages\/860\/revisions\/4984"}],"up":[{"embeddable":true,"href":"https:\/\/www.stationgallery.sk\/en\/wp-json\/wp\/v2\/pages\/803"}],"wp:attachment":[{"href":"https:\/\/www.stationgallery.sk\/en\/wp-json\/wp\/v2\/media?parent=860"}],"curies":[{"name":"wp","href":"https:\/\/api.w.org\/{rel}","templated":true}]}}