{"id":846,"date":"2021-01-27T09:38:32","date_gmt":"2021-01-27T08:38:32","guid":{"rendered":"https:\/\/www.stationgallery.sk\/artists\/martina-rotlingova\/"},"modified":"2025-05-04T16:52:03","modified_gmt":"2025-05-04T14:52:03","slug":"martina-rotlingova","status":"publish","type":"page","link":"https:\/\/www.stationgallery.sk\/en\/artists\/martina-rotlingova\/","title":{"rendered":"Martina R\u00f6tlingov\u00e1"},"content":{"rendered":"<div class=\"wpb-content-wrapper\">[vc_row curly_padding=&#8221;content-padding&#8221; css=&#8221;.vc_custom_1504195713546{padding-bottom: 0px !important;}&#8221;][vc_column][vc_column_text]\n<h1 class=\"display-3 special-title\" style=\"text-align: center;\">\u00a0Martina R\u00f6tlingov\u00e1<\/h1>\n[\/vc_column_text][vc_empty_space height=&#8221;&#8221; el_class=&#8221;xtd-spacer&#8221;][\/vc_column][vc_column width=&#8221;1\/3&#8243;][vc_single_image image=&#8221;4948&#8243; img_size=&#8221;full&#8221; style=&#8221;xtd-shadow&#8211;normal-light&#8221; css=&#8221;&#8221; el_class=&#8221;xtd-offset-frame&#8221;][vc_empty_space height=&#8221;&#8221; el_class=&#8221;xtd-spacer&#8221;][\/vc_column][vc_column width=&#8221;2\/3&#8243; offset=&#8221;vc_col-lg-offset-1 vc_col-lg-7&#8243;][vc_row_inner el_class=&#8221;mb-3&#8243;][vc_column_inner][vc_btn title=&#8221;Artworks available&#8221; style=&#8221;btn-outline-primary&#8221; i_align=&#8221;right&#8221; i_icon_fontawesome=&#8221;fas fa-long-arrow-alt-down&#8221; add_icon=&#8221;true&#8221; link=&#8221;url:%23diela|&#8221; el_class=&#8221;mr-3&#8243;][vc_btn title=&#8221;Exhibition&#8221; style=&#8221;btn-outline-primary&#8221; i_align=&#8221;right&#8221; i_icon_fontawesome=&#8221;fas fa-long-arrow-alt-down&#8221; add_icon=&#8221;true&#8221; link=&#8221;url:%23vystavy|&#8221; el_class=&#8221;mr-3&#8243;][vc_btn title=&#8221;Curriculum vitae&#8221; style=&#8221;btn-outline-primary&#8221; i_align=&#8221;right&#8221; i_icon_fontawesome=&#8221;fas fa-long-arrow-alt-down&#8221; add_icon=&#8221;true&#8221; link=&#8221;url:%23zivotopis|&#8221;][\/vc_column_inner][\/vc_row_inner][vc_column_text css=&#8221;&#8221;]Martina R\u00f6tlingov\u00e1 (1987) works primarily with figurative painting in which she critically analyses and evaluates women&#8217;s experience in relation to digital media. She has long exploited the subversive potential of recontextualizing the female nude, which for many centuries has rested primarily in the hands of male actors, intended mainly for the eyes of male viewers. Here, the woman was seen as an object of male desire, subordinate to his fetishising gaze, which functioned as a means of control and domination. R\u00f6tlingov\u00e1 draws on the tradition of the female nude, but situates it within the female experience. She takes absolute power over her body and brings self-presentation into own hands. In the author&#8217;s rendition, the female nude becomes an instrument of personal liberation and male discomfiture.<\/p>\n<p>R\u00f6tlingov\u00e1 studied at the Academy of Arts in Bansk\u00e1 Bystrica at the Faculty of Fine Arts in the studio of contemporary painting. She regularly presents her work at home and abroad in solo and collective exhibitions (including in Slovakia, Czech Republic, France, Belgium, Italy, Colombia, and Bulgaria). She lives and works in Antwerp.[\/vc_column_text][\/vc_column][\/vc_row][vc_row el_id=&#8221;diela&#8221;][vc_column][vc_column_text]\n<h2 class=\"special-title\" style=\"text-align: center;\">Artworks available<\/h2>\n[\/vc_column_text][vc_media_grid element_width=&#8221;3&#8243; css=&#8221;&#8221; grid_id=&#8221;vc_gid:1746370103945-c4a977cb-f436-8&#8243; include=&#8221;4955,4957,4959,4961,4963,4965&#8243;][\/vc_column][\/vc_row][vc_row el_id=&#8221;vystavy&#8221;][vc_column][vc_column_text]\n<h2 class=\"special-title\" style=\"text-align: center;\">Exhibition<\/h2>\n[\/vc_column_text][vc_media_grid element_width=&#8221;3&#8243; css=&#8221;&#8221; grid_id=&#8221;vc_gid:1746370103949-1b19a3b4-70c6-5&#8243; include=&#8221;3112,3114,3080,3092,4967&#8243;][\/vc_column][\/vc_row][vc_row el_id=&#8221;zivotopis&#8221;][vc_column][vc_column_text]\n<h2 class=\"special-title\" style=\"text-align: center;\">Curriculum vitae<\/h2>\n[\/vc_column_text][vc_row_inner][vc_column_inner width=&#8221;1\/2&#8243;][vc_column_text css=&#8221;&#8221;]<strong>Education<\/strong><\/p>\n<p>2011- 2013 Academy of Arts in Banska Bystrica, Faculty of Fine Arts field of study: contemporary painting, Prof. Stanislav Balko<br \/>\n2007- 2011 Academy of Arts in Banska Bystrica, Faculty of Fine Arts field of study: painting, atelier: Prof. Franti\u0161ek Hodonsk\u00fd<br \/>\n2009 &#8211; 2010 Accademia di Belle Arti, Lecce, Italy, field of study: painting, graphic<\/p>\n<p><strong>Solo exhibitions<\/strong><\/p>\n<div>\n<p>2024 In her skin \/Gallery 19, Bratislava, Slovakia\/ curator: Em\u0151ke Vargov\u00e1<\/p>\n<p>2024 Lust of Eden \/ Depoo Gallery, Sofia, Bulgaria \/ curator: Tsvetana Georgieva<\/p>\n<p>2024 Ocean of uncertainty with islands of promises \/ FOR MAAT, Tren\u010d\u00edn, Slovakia \/ curator: Nikoleta Bukovsk\u00e1<\/p>\n<p>2024 The Soft Fall \/ Boutros Gallery, Antwerp, Belgium<\/p>\n<p>2024\u00a0Venu\u0161a, ulica, dla\u0148, kos\u0165&#8230; \/ Nitra Gallery,\u00a0 Nitra, Slovakia \/ curator: \u013dudmila Kasaj Pol\u00e1\u010dkov\u00e1<\/p>\n<p>2022 Great Expectations \/ Station Contemporary Art Gallery,\u00a0 Bratislava \/ curator: Nikoleta Bukovsk\u00e1<\/p>\n<p>2022 The Artist Statement \/ Magna Gallery,\u00a0 Pie\u0161\u0165any, Slovakia<\/p>\n<p>2022 Mirroring \/ Koniare\u0148 gallery, Trebi\u0161ov, Slovakia \/ curator: Jana Babu\u0161iakov\u00e1<\/p>\n<p>2021\u00a0Re-interpretations, \u00a0Flatgallery Piestany, Piestany, Slovakia \/ curator: Jana Babu\u0161iakov\u00e1<\/p>\n<p>2020 Goddess Reinvented \/ Atelier XIII, Bratislava, Slovakia<\/p>\n<p>20019\/20 Adoration of waste,desecration fo treasures\u00a0 \/ GaP Gallery, Znojmo,\u00a0 CZ<\/p>\n<p>2019 Belle \/ Yashka, Bratislava, Slovakia<\/p>\n<p>2019 Beauty Army \/ Magna Gallery, Pie\u0161\u0165any , Slovakia<\/p>\n<p>2019 Metamorphosis of beauty\/ Zen Flow studio, Bratislava<\/p>\n<p>2017 Instant Diary \/ Greenfoundation \u2013 Budka 22, Bratislava, Slovakia<\/p>\n<p>2016 Temporary Lights \/ Espacio en Blanco, Bogota, Colombia<\/p>\n<p>2016 Bubbles\u00a0 \/ \u00a0U Kubistu, Bratislava, Slovakia<\/p>\n<p>2013 Cover says it all \/ Konzerva cafe bar, Bratislava, Slovakia<\/p>\n<p>2012 French inspirations\u00a0 \/ \u00a0Verlaine Institute, Paris, France<\/p>\n<p>2012 Selfportrait differently \/ Carpe Diem bar, Bratislava, Slovakia<\/p>\n<p>&nbsp;<\/p>\n<p><strong>Collective exhibitions<\/strong><\/p>\n<p>2024 IV. Triennal \u00a0of portrait 2024 \/ Liptovsk\u00e1 gal\u00e9ria Petra Michala Boh\u00fa\u0148a, Liptovsky Mikul\u00e1\u0161, SK<\/p>\n<p>2024 Heroines: my personal female hero \/ Slovak institute Berlin \/ curator: Katar\u00edna Jan\u00e1kov\u00e1<\/p>\n<p>2023 Paris est une f\u00eate \/ Czech cultural institute, Paris \/ curator: Karol Weisslechner<\/p>\n<p>2023 Heroines: my personal female hero \/ Slovak institute Jerusalem \/ curator: Katar\u00edna Jan\u00e1kov\u00e1<\/p>\n<p>2023\u00a0 Vzdialen\u00e9 bl\u00edzkosti \/ Gal\u00e9ria Jula Bindera, Bansk\u00e1 \u0160tiavnica<\/p>\n<p>2023 + &#8211; \/ Gallery 13, Ko\u0161ice, Slovakia \/ curator: Eduard Klena<\/p>\n<p>2022 + \/ Regional gallery Pre\u0161ov, Pre\u0161ov, Slovakia \/ curator: Eduard Klena<\/p>\n<p>2022 December\u2019s tracks 9 \/ \u010cin\u010cin gallery, Bratislava<\/p>\n<p>2022 Printing, still\u00a0 \/Station Contemporary Art Gallery, Bratislava \/ curator: Jana Babu\u0161iakov\u00e1<\/p>\n<p>2022 Printing, still \/ Epreuve d\u00b4Artiste, Antwerp, Belgium \/ curator: Jana Babu\u0161iakov\u00e1<\/p>\n<p>2022 SEVEN \/ Kontrast Gallery, Sofia, Bulgaria \/ curator: Eduard Klena<\/p>\n<p>2022 Paris est une f\u00eate \/ Institut fran\u04abais de Slovaquie, Bratislava \/ curator: Karol Weisslechner<\/p>\n<p>2022 Four rooms \/ Nov\u00e1 Cvernovka \u2013 1.May, Bratislava \/ curator: Lucia Zlochov\u00e1<\/p>\n<p>2021 (Not) Just a Pretty Face, Blu: Gallery, Modra, Slovakia \/ curator: Jana Babu\u0161iakov\u00e1<\/p>\n<p>2021 Pole Position Blue, Station Contemporary Art Gallery, Bratislava, Slovakia<\/p>\n<p>2019 December\u2019s tracks 8\/ \u010cin\u010cin gallery, Bratislava, Slovakia<\/p>\n<p>2019 City Jungle, Open air pop-up, Bremgarten Bei Bern, Switzerland<\/p>\n<p>2018 December\u2019s tracks 7 \/ \u010cin\u010cin gallery, Bratislava, Slovakia<\/p>\n<p>2018 Point of view\/ DOT Contemporary art gallery, Bratislava, Slovakia<\/p>\n<p>2020 Urban Icons, Arosita Gallery, Sofia, Bulgaria<\/p>\n<\/div>\n[\/vc_column_text][\/vc_column_inner][vc_column_inner width=&#8221;1\/2&#8243;][vc_column_text]2018 Selfie Yourself! \/ Gal\u00e9ria M.A.Bazovsk\u00e9ho, Tren\u010d\u00edn, Slovakia<br \/>\n2017 Winter Selection 6 \/ Flatgallery, Bratislava, Slovakia<br \/>\n2017 BazART 2017 \/ Magna gallery, Pie\u0161\u0165any, Slovakia<br \/>\n2017 December\u2019s tracks y 6 \/ \u010cin\u010cin gallery, Bratislava, Slovakia<br \/>\n2016 Winter Selection 5 \/ Flatgallery, Bratislava, Slovakia<br \/>\n2016 DOT.2016 \/ \u00a0DOT Contemporary art gallery, Bratislava, Slovakia<br \/>\n2016 VI. Biennial of Fina Arts \/ Tur\u010diansk\u00e1 gal\u00e9ria, Martin, Slovakia<br \/>\n2016 DOTeraz \/ DOT Contemporary art gallery, Bratislava, Slovakia<br \/>\n2015 Exhibition of painters of Cvernovka \/ \u00a0Connect Cowroking, Bratislava<br \/>\n2015 Kakao on fire \u2013 Chocolate religion \/ GRID prague, Prague, Czech Republic<br \/>\n2014 GRIDart Vol.2 \/ GRID prague, Prague, Czech Republic<br \/>\n2014 Valent-In\u00a0 \/ GRID prague, Prague, Czech Republic<br \/>\n2013 Ma\u013eba 2013, Competition of Foundation \u00a0V\u00daB \/ Nedbalka Gallery, Bratislava<br \/>\n2013 What you see is what you get \/ Galleria Spazio Giovani, Bari, Italy<br \/>\n2010 Klamn\u00e9 dojmy\u00a0 \/ Galerie Vltav\u00edn, Prague, Czech Republic<\/p>\n<p><strong>Symposium<\/strong><\/p>\n<p>2016 Hala 2016, Tren\u010d\u00edn, Slovakia<br \/>\n2017 Um\u011bn\u00ed do Znojma 2017, Znojmo, Czech Republic<br \/>\n2017 Univerzitn\u00e9 symp\u00f3zium Mlyny 2017, Bratislava, Slovakia<\/p>\n<p><strong>Residency<\/strong><\/p>\n<p>2020 Slovak Embassy \u2013 City Jungle Project, Sofia, Bulgary<br \/>\n2019 1 month residency at Cit\u00e9 des Arts, Paris, France<br \/>\n2017 2 months residency at Cit\u00e9 des Arts, Paris, France<\/p>\n<p><strong>Competitions<\/strong><\/p>\n<p>2016 VI. Biennial of Fina Arts \/ Slovak Union of Visual Arts, Slovakia \/ finalist<br \/>\n2013 Ma\u013eba 2013, Painting Competition of Foundation V\u00daB bank \/ finalist[\/vc_column_text][\/vc_column_inner][\/vc_row_inner][\/vc_column][\/vc_row]\n<\/div>","protected":false},"excerpt":{"rendered":"<p>[vc_row curly_padding=&#8221;content-padding&#8221; css=&#8221;.vc_custom_1504195713546{padding-bottom: 0px !important;}&#8221;][vc_column][vc_column_text] \u00a0Martina R\u00f6tlingov\u00e1 [\/vc_column_text][vc_empty_space height=&#8221;&#8221; el_class=&#8221;xtd-spacer&#8221;][\/vc_column][vc_column width=&#8221;1\/3&#8243;][vc_single_image image=&#8221;4948&#8243; img_size=&#8221;full&#8221; style=&#8221;xtd-shadow&#8211;normal-light&#8221; css=&#8221;&#8221; el_class=&#8221;xtd-offset-frame&#8221;][vc_empty_space height=&#8221;&#8221; el_class=&#8221;xtd-spacer&#8221;][\/vc_column][vc_column width=&#8221;2\/3&#8243; offset=&#8221;vc_col-lg-offset-1 vc_col-lg-7&#8243;][vc_row_inner el_class=&#8221;mb-3&#8243;][vc_column_inner][vc_btn title=&#8221;Artworks available&#8221; style=&#8221;btn-outline-primary&#8221; i_align=&#8221;right&#8221; i_icon_fontawesome=&#8221;fas fa-long-arrow-alt-down&#8221; add_icon=&#8221;true&#8221; link=&#8221;url:%23diela|&#8221; el_class=&#8221;mr-3&#8243;][vc_btn title=&#8221;Exhibition&#8221; style=&#8221;btn-outline-primary&#8221; i_align=&#8221;right&#8221; i_icon_fontawesome=&#8221;fas fa-long-arrow-alt-down&#8221; add_icon=&#8221;true&#8221; link=&#8221;url:%23vystavy|&#8221; el_class=&#8221;mr-3&#8243;][vc_btn title=&#8221;Curriculum vitae&#8221; style=&#8221;btn-outline-primary&#8221; i_align=&#8221;right&#8221; i_icon_fontawesome=&#8221;fas fa-long-arrow-alt-down&#8221; add_icon=&#8221;true&#8221; link=&#8221;url:%23zivotopis|&#8221;][\/vc_column_inner][\/vc_row_inner][vc_column_text css=&#8221;&#8221;]Martina R\u00f6tlingov\u00e1 (1987) works primarily with figurative painting in which she critically analyses [&hellip;]<\/p>\n","protected":false},"author":1,"featured_media":0,"parent":803,"menu_order":0,"comment_status":"closed","ping_status":"closed","template":"","meta":{"footnotes":""},"class_list":["post-846","page","type-page","status-publish","hentry"],"yoast_head":"<!-- This site is optimized with the Yoast SEO plugin v24.8.1 - https:\/\/yoast.com\/wordpress\/plugins\/seo\/ -->\n<title>Martina R\u00f6tlingov\u00e1 | Station Contemporary Art Gallery<\/title>\n<meta name=\"robots\" content=\"index, follow, max-snippet:-1, max-image-preview:large, max-video-preview:-1\" \/>\n<link rel=\"canonical\" href=\"https:\/\/www.stationgallery.sk\/en\/artists\/martina-rotlingova\/\" \/>\n<meta property=\"og:locale\" content=\"en_US\" \/>\n<meta property=\"og:type\" content=\"article\" \/>\n<meta property=\"og:title\" content=\"Martina R\u00f6tlingov\u00e1 | Station Contemporary Art Gallery\" \/>\n<meta property=\"og:description\" content=\"[vc_row curly_padding=&#8221;content-padding&#8221; css=&#8221;.vc_custom_1504195713546{padding-bottom: 0px !important;}&#8221;][vc_column][vc_column_text] \u00a0Martina R\u00f6tlingov\u00e1 [\/vc_column_text][vc_empty_space height=&#8221;&#8221; el_class=&#8221;xtd-spacer&#8221;][\/vc_column][vc_column width=&#8221;1\/3&#8243;][vc_single_image image=&#8221;4948&#8243; img_size=&#8221;full&#8221; style=&#8221;xtd-shadow&#8211;normal-light&#8221; css=&#8221;&#8221; el_class=&#8221;xtd-offset-frame&#8221;][vc_empty_space height=&#8221;&#8221; el_class=&#8221;xtd-spacer&#8221;][\/vc_column][vc_column width=&#8221;2\/3&#8243; offset=&#8221;vc_col-lg-offset-1 vc_col-lg-7&#8243;][vc_row_inner el_class=&#8221;mb-3&#8243;][vc_column_inner][vc_btn title=&#8221;Artworks available&#8221; style=&#8221;btn-outline-primary&#8221; i_align=&#8221;right&#8221; i_icon_fontawesome=&#8221;fas fa-long-arrow-alt-down&#8221; add_icon=&#8221;true&#8221; link=&#8221;url:%23diela|&#8221; el_class=&#8221;mr-3&#8243;][vc_btn title=&#8221;Exhibition&#8221; style=&#8221;btn-outline-primary&#8221; i_align=&#8221;right&#8221; i_icon_fontawesome=&#8221;fas fa-long-arrow-alt-down&#8221; add_icon=&#8221;true&#8221; link=&#8221;url:%23vystavy|&#8221; el_class=&#8221;mr-3&#8243;][vc_btn title=&#8221;Curriculum vitae&#8221; style=&#8221;btn-outline-primary&#8221; i_align=&#8221;right&#8221; i_icon_fontawesome=&#8221;fas fa-long-arrow-alt-down&#8221; add_icon=&#8221;true&#8221; link=&#8221;url:%23zivotopis|&#8221;][\/vc_column_inner][\/vc_row_inner][vc_column_text css=&#8221;&#8221;]Martina R\u00f6tlingov\u00e1 (1987) works primarily with figurative painting in which she critically analyses [&hellip;]\" \/>\n<meta property=\"og:url\" content=\"https:\/\/www.stationgallery.sk\/en\/artists\/martina-rotlingova\/\" \/>\n<meta property=\"og:site_name\" content=\"Station Contemporary Art Gallery\" \/>\n<meta property=\"article:modified_time\" content=\"2025-05-04T14:52:03+00:00\" \/>\n<meta name=\"twitter:card\" content=\"summary_large_image\" \/>\n<meta name=\"twitter:label1\" content=\"Est. reading time\" \/>\n\t<meta name=\"twitter:data1\" content=\"8 minutes\" \/>\n<script type=\"application\/ld+json\" class=\"yoast-schema-graph\">{\"@context\":\"https:\/\/schema.org\",\"@graph\":[{\"@type\":\"WebPage\",\"@id\":\"https:\/\/www.stationgallery.sk\/en\/artists\/martina-rotlingova\/\",\"url\":\"https:\/\/www.stationgallery.sk\/en\/artists\/martina-rotlingova\/\",\"name\":\"Martina R\u00f6tlingov\u00e1 | Station Contemporary Art Gallery\",\"isPartOf\":{\"@id\":\"https:\/\/www.stationgallery.sk\/en\/#website\"},\"datePublished\":\"2021-01-27T08:38:32+00:00\",\"dateModified\":\"2025-05-04T14:52:03+00:00\",\"breadcrumb\":{\"@id\":\"https:\/\/www.stationgallery.sk\/en\/artists\/martina-rotlingova\/#breadcrumb\"},\"inLanguage\":\"en-US\",\"potentialAction\":[{\"@type\":\"ReadAction\",\"target\":[\"https:\/\/www.stationgallery.sk\/en\/artists\/martina-rotlingova\/\"]}]},{\"@type\":\"BreadcrumbList\",\"@id\":\"https:\/\/www.stationgallery.sk\/en\/artists\/martina-rotlingova\/#breadcrumb\",\"itemListElement\":[{\"@type\":\"ListItem\",\"position\":1,\"name\":\"Domovsk\u00e1 str\u00e1nka\",\"item\":\"https:\/\/www.stationgallery.sk\/en\/\"},{\"@type\":\"ListItem\",\"position\":2,\"name\":\"Artists\",\"item\":\"https:\/\/www.stationgallery.sk\/en\/artists\/\"},{\"@type\":\"ListItem\",\"position\":3,\"name\":\"Martina R\u00f6tlingov\u00e1\"}]},{\"@type\":\"WebSite\",\"@id\":\"https:\/\/www.stationgallery.sk\/en\/#website\",\"url\":\"https:\/\/www.stationgallery.sk\/en\/\",\"name\":\"Station Contemporary Art Gallery\",\"description\":\"\",\"publisher\":{\"@id\":\"https:\/\/www.stationgallery.sk\/en\/#organization\"},\"potentialAction\":[{\"@type\":\"SearchAction\",\"target\":{\"@type\":\"EntryPoint\",\"urlTemplate\":\"https:\/\/www.stationgallery.sk\/en\/?s={search_term_string}\"},\"query-input\":{\"@type\":\"PropertyValueSpecification\",\"valueRequired\":true,\"valueName\":\"search_term_string\"}}],\"inLanguage\":\"en-US\"},{\"@type\":\"Organization\",\"@id\":\"https:\/\/www.stationgallery.sk\/en\/#organization\",\"name\":\"STATION Contemporary Art Gallery\",\"url\":\"https:\/\/www.stationgallery.sk\/en\/\",\"logo\":{\"@type\":\"ImageObject\",\"inLanguage\":\"en-US\",\"@id\":\"https:\/\/www.stationgallery.sk\/en\/#\/schema\/logo\/image\/\",\"url\":\"https:\/\/www.stationgallery.sk\/wp-content\/uploads\/2020\/12\/station-gallery-logo.png\",\"contentUrl\":\"https:\/\/www.stationgallery.sk\/wp-content\/uploads\/2020\/12\/station-gallery-logo.png\",\"width\":649,\"height\":115,\"caption\":\"STATION Contemporary Art Gallery\"},\"image\":{\"@id\":\"https:\/\/www.stationgallery.sk\/en\/#\/schema\/logo\/image\/\"}}]}<\/script>\n<!-- \/ Yoast SEO plugin. -->","yoast_head_json":{"title":"Martina R\u00f6tlingov\u00e1 | Station Contemporary Art Gallery","robots":{"index":"index","follow":"follow","max-snippet":"max-snippet:-1","max-image-preview":"max-image-preview:large","max-video-preview":"max-video-preview:-1"},"canonical":"https:\/\/www.stationgallery.sk\/en\/artists\/martina-rotlingova\/","og_locale":"en_US","og_type":"article","og_title":"Martina R\u00f6tlingov\u00e1 | Station Contemporary Art Gallery","og_description":"[vc_row curly_padding=&#8221;content-padding&#8221; css=&#8221;.vc_custom_1504195713546{padding-bottom: 0px !important;}&#8221;][vc_column][vc_column_text] \u00a0Martina R\u00f6tlingov\u00e1 [\/vc_column_text][vc_empty_space height=&#8221;&#8221; el_class=&#8221;xtd-spacer&#8221;][\/vc_column][vc_column width=&#8221;1\/3&#8243;][vc_single_image image=&#8221;4948&#8243; img_size=&#8221;full&#8221; style=&#8221;xtd-shadow&#8211;normal-light&#8221; css=&#8221;&#8221; el_class=&#8221;xtd-offset-frame&#8221;][vc_empty_space height=&#8221;&#8221; el_class=&#8221;xtd-spacer&#8221;][\/vc_column][vc_column width=&#8221;2\/3&#8243; offset=&#8221;vc_col-lg-offset-1 vc_col-lg-7&#8243;][vc_row_inner el_class=&#8221;mb-3&#8243;][vc_column_inner][vc_btn title=&#8221;Artworks available&#8221; style=&#8221;btn-outline-primary&#8221; i_align=&#8221;right&#8221; i_icon_fontawesome=&#8221;fas fa-long-arrow-alt-down&#8221; add_icon=&#8221;true&#8221; link=&#8221;url:%23diela|&#8221; el_class=&#8221;mr-3&#8243;][vc_btn title=&#8221;Exhibition&#8221; style=&#8221;btn-outline-primary&#8221; i_align=&#8221;right&#8221; i_icon_fontawesome=&#8221;fas fa-long-arrow-alt-down&#8221; add_icon=&#8221;true&#8221; link=&#8221;url:%23vystavy|&#8221; el_class=&#8221;mr-3&#8243;][vc_btn title=&#8221;Curriculum vitae&#8221; style=&#8221;btn-outline-primary&#8221; i_align=&#8221;right&#8221; i_icon_fontawesome=&#8221;fas fa-long-arrow-alt-down&#8221; add_icon=&#8221;true&#8221; link=&#8221;url:%23zivotopis|&#8221;][\/vc_column_inner][\/vc_row_inner][vc_column_text css=&#8221;&#8221;]Martina R\u00f6tlingov\u00e1 (1987) works primarily with figurative painting in which she critically analyses [&hellip;]","og_url":"https:\/\/www.stationgallery.sk\/en\/artists\/martina-rotlingova\/","og_site_name":"Station Contemporary Art Gallery","article_modified_time":"2025-05-04T14:52:03+00:00","twitter_card":"summary_large_image","twitter_misc":{"Est. reading time":"8 minutes"},"schema":{"@context":"https:\/\/schema.org","@graph":[{"@type":"WebPage","@id":"https:\/\/www.stationgallery.sk\/en\/artists\/martina-rotlingova\/","url":"https:\/\/www.stationgallery.sk\/en\/artists\/martina-rotlingova\/","name":"Martina R\u00f6tlingov\u00e1 | Station Contemporary Art Gallery","isPartOf":{"@id":"https:\/\/www.stationgallery.sk\/en\/#website"},"datePublished":"2021-01-27T08:38:32+00:00","dateModified":"2025-05-04T14:52:03+00:00","breadcrumb":{"@id":"https:\/\/www.stationgallery.sk\/en\/artists\/martina-rotlingova\/#breadcrumb"},"inLanguage":"en-US","potentialAction":[{"@type":"ReadAction","target":["https:\/\/www.stationgallery.sk\/en\/artists\/martina-rotlingova\/"]}]},{"@type":"BreadcrumbList","@id":"https:\/\/www.stationgallery.sk\/en\/artists\/martina-rotlingova\/#breadcrumb","itemListElement":[{"@type":"ListItem","position":1,"name":"Domovsk\u00e1 str\u00e1nka","item":"https:\/\/www.stationgallery.sk\/en\/"},{"@type":"ListItem","position":2,"name":"Artists","item":"https:\/\/www.stationgallery.sk\/en\/artists\/"},{"@type":"ListItem","position":3,"name":"Martina R\u00f6tlingov\u00e1"}]},{"@type":"WebSite","@id":"https:\/\/www.stationgallery.sk\/en\/#website","url":"https:\/\/www.stationgallery.sk\/en\/","name":"Station Contemporary Art Gallery","description":"","publisher":{"@id":"https:\/\/www.stationgallery.sk\/en\/#organization"},"potentialAction":[{"@type":"SearchAction","target":{"@type":"EntryPoint","urlTemplate":"https:\/\/www.stationgallery.sk\/en\/?s={search_term_string}"},"query-input":{"@type":"PropertyValueSpecification","valueRequired":true,"valueName":"search_term_string"}}],"inLanguage":"en-US"},{"@type":"Organization","@id":"https:\/\/www.stationgallery.sk\/en\/#organization","name":"STATION Contemporary Art Gallery","url":"https:\/\/www.stationgallery.sk\/en\/","logo":{"@type":"ImageObject","inLanguage":"en-US","@id":"https:\/\/www.stationgallery.sk\/en\/#\/schema\/logo\/image\/","url":"https:\/\/www.stationgallery.sk\/wp-content\/uploads\/2020\/12\/station-gallery-logo.png","contentUrl":"https:\/\/www.stationgallery.sk\/wp-content\/uploads\/2020\/12\/station-gallery-logo.png","width":649,"height":115,"caption":"STATION Contemporary Art Gallery"},"image":{"@id":"https:\/\/www.stationgallery.sk\/en\/#\/schema\/logo\/image\/"}}]}},"_links":{"self":[{"href":"https:\/\/www.stationgallery.sk\/en\/wp-json\/wp\/v2\/pages\/846","targetHints":{"allow":["GET"]}}],"collection":[{"href":"https:\/\/www.stationgallery.sk\/en\/wp-json\/wp\/v2\/pages"}],"about":[{"href":"https:\/\/www.stationgallery.sk\/en\/wp-json\/wp\/v2\/types\/page"}],"author":[{"embeddable":true,"href":"https:\/\/www.stationgallery.sk\/en\/wp-json\/wp\/v2\/users\/1"}],"replies":[{"embeddable":true,"href":"https:\/\/www.stationgallery.sk\/en\/wp-json\/wp\/v2\/comments?post=846"}],"version-history":[{"count":8,"href":"https:\/\/www.stationgallery.sk\/en\/wp-json\/wp\/v2\/pages\/846\/revisions"}],"predecessor-version":[{"id":4970,"href":"https:\/\/www.stationgallery.sk\/en\/wp-json\/wp\/v2\/pages\/846\/revisions\/4970"}],"up":[{"embeddable":true,"href":"https:\/\/www.stationgallery.sk\/en\/wp-json\/wp\/v2\/pages\/803"}],"wp:attachment":[{"href":"https:\/\/www.stationgallery.sk\/en\/wp-json\/wp\/v2\/media?parent=846"}],"curies":[{"name":"wp","href":"https:\/\/api.w.org\/{rel}","templated":true}]}}