{"id":5084,"date":"2025-05-04T18:07:14","date_gmt":"2025-05-04T16:07:14","guid":{"rendered":"https:\/\/www.stationgallery.sk\/?page_id=5084"},"modified":"2025-05-06T19:10:29","modified_gmt":"2025-05-06T17:10:29","slug":"simona-janisova","status":"publish","type":"page","link":"https:\/\/www.stationgallery.sk\/en\/artists\/simona-janisova\/","title":{"rendered":"Simona Jani\u0161ov\u00e1"},"content":{"rendered":"<div class=\"wpb-content-wrapper\">[vc_row curly_padding=&#8221;content-padding&#8221; css=&#8221;.vc_custom_1504195713546{padding-bottom: 0px !important;}&#8221;][vc_column][vc_column_text css=&#8221;&#8221;]\n<h1 class=\"display-3 special-title\" style=\"text-align: center;\">Simona Jani\u0161ov\u00e1<\/h1>\n[\/vc_column_text][vc_empty_space height=&#8221;&#8221; el_class=&#8221;xtd-spacer&#8221;][\/vc_column][vc_column width=&#8221;1\/3&#8243;][vc_single_image image=&#8221;5126&#8243; img_size=&#8221;full&#8221; style=&#8221;xtd-shadow&#8211;normal-light&#8221; css=&#8221;&#8221; el_class=&#8221;xtd-offset-frame&#8221;][vc_empty_space height=&#8221;&#8221; el_class=&#8221;xtd-spacer&#8221;][\/vc_column][vc_column width=&#8221;2\/3&#8243; offset=&#8221;vc_col-lg-offset-1 vc_col-lg-7&#8243;][vc_row_inner el_class=&#8221;mb-3&#8243;][vc_column_inner][vc_btn title=&#8221;Artworks available&#8221; style=&#8221;btn-outline-primary&#8221; i_align=&#8221;right&#8221; i_icon_fontawesome=&#8221;fas fa-long-arrow-alt-down&#8221; add_icon=&#8221;true&#8221; link=&#8221;url:%23diela|&#8221; el_class=&#8221;mr-3&#8243;][vc_btn title=&#8221;Exhibition&#8221; style=&#8221;btn-outline-primary&#8221; i_align=&#8221;right&#8221; i_icon_fontawesome=&#8221;fas fa-long-arrow-alt-down&#8221; add_icon=&#8221;true&#8221; link=&#8221;url:%23vystavy|&#8221; el_class=&#8221;mr-3&#8243;][vc_btn title=&#8221;Curriculum vitae&#8221; style=&#8221;btn-outline-primary&#8221; i_align=&#8221;right&#8221; i_icon_fontawesome=&#8221;fas fa-long-arrow-alt-down&#8221; add_icon=&#8221;true&#8221; link=&#8221;url:%23zivotopis|&#8221;][\/vc_column_inner][\/vc_row_inner][vc_column_text css=&#8221;&#8221;]Simona Jani\u0161ov\u00e1 (1985) studied ceramics at the Josef Vydra School of Applied Arts (2000 \u2013 2004) and at the Academy of Fine Arts in Bratislava. She completed her bachelor&#8217;s degree with doc. Ivica Vidrov\u00e1 (2008) and her master&#8217;s (2010) and doctoral degrees (2015 \u2013 2018) with Mgr. Art. Daniel Pir\u0161\u010d. During her studies, she was on a study visit to Thessaloniki and Prague, after her studies she did an internship at Barnaby Barford&#8217;s studio in London (2011) and a residency in China (2014). Since 2012, she has been working with Linda Vikov\u00e1 on small-series production under the\u00a0<a href=\"http:\/\/si.li\/\" target=\"_blank\" rel=\"noopener\" data-saferedirecturl=\"https:\/\/www.google.com\/url?q=http:\/\/si.li&amp;source=gmail&amp;ust=1746557514616000&amp;usg=AOvVaw3LCzsJm7_RBDQP33mDNFEQ\">si.li<\/a>\u00a0brand. She worked as a curator for the Ceramics and Porcelain Collection of the Slovak Museum of Design. In 2017, she won the main prize at the Bratislava Design Week festival. She exhibits in Slovakia and abroad. In her free-form work, she brings innovative approaches to traditional ceramic techniques. Her objects combine functionality, aesthetics, and a personal story.[\/vc_column_text][\/vc_column][\/vc_row][vc_row el_id=&#8221;diela&#8221;][vc_column][vc_column_text]\n<h2 class=\"special-title\" style=\"text-align: center;\">Artworks available<\/h2>\n[\/vc_column_text][vc_media_grid element_width=&#8221;3&#8243; css=&#8221;&#8221; grid_id=&#8221;vc_gid:1746551320143-4175448d-c8b9-2&#8243; include=&#8221;5066,5062,5058&#8243;][\/vc_column][\/vc_row][vc_row el_id=&#8221;vystavy&#8221;][vc_column][vc_column_text]\n<h2 class=\"special-title\" style=\"text-align: center;\">Exhibition<\/h2>\n[\/vc_column_text][vc_media_grid element_width=&#8221;3&#8243; css=&#8221;&#8221; grid_id=&#8221;vc_gid:1746551320147-ccbe0c52-9049-8&#8243; include=&#8221;5070,5072,5074,5076,5078,5080,5082&#8243;][\/vc_column][\/vc_row][vc_row el_id=&#8221;zivotopis&#8221;][vc_column][vc_column_text]\n<h2 class=\"special-title\" style=\"text-align: center;\">Curriculum vitae<\/h2>\n[\/vc_column_text][vc_row_inner][vc_column_inner width=&#8221;1\/2&#8243;][vc_column_text css=&#8221;&#8221;]<strong>Education<\/strong><\/p>\n<p>2015 \u2013 2018 Doctoral Degree,\u00a0Academy of Fine Arts and Design in Bratislava,\u00a0Studio of Ceramics, Slovakia<\/p>\n<p>2011\u00a0internship, studio of Barnaby Barford, London, Great Britain<\/p>\n<p>2008 \u2013 2010\u00a0Master\u2019s Degree, Academy of Fine Arts and Design in Bratislava,\u00a0Studio of Ceramics, Slovakia<\/p>\n<p>2007\u00a0study residence, Academy of Arts, Architecture and Design in Prague,\u00a0Studio of Sculpture 1, Czech Republic<\/p>\n<p>2006\u00a0study residence, Aristotle University of Thessaloniki, Studio of Printmaking, Greece<\/p>\n<p>2004 \u2013 2008\u00a0Bachelor\u2019s Degree, Academy of Fine Arts and Design in Bratislava,\u00a0Studio of Ceramics, Slovakia<\/p>\n<p>2000 \u2013 2004 School of Applied Arts of Josef Vydra, Bratislava, Department of Ceramics<\/p>\n<p>&nbsp;<\/p>\n<p><strong>Awards<\/strong><\/p>\n<p>2021 Honorable mention at National Design Prize for si.li.ceramics statement tableware<\/p>\n<p>2018 Rings in Water, 2nd place at design competition of The Centre for Folk Art Production, Slovakia<\/p>\n<p>Collection of Bratislava Design Week Awards 2017 \u2013 for Anachronik Collection<\/p>\n<p>Main prize of \u00a0Bratislava Design Week Awards 2017 \u2013 for Anachronik Collection<\/p>\n<p>&nbsp;<\/p>\n<p><strong>Solo Shows<\/strong><\/p>\n<p>2024<\/p>\n<p>Hold Me, Object Space, Bratislava<\/p>\n<p>2019<\/p>\n<p>Hot dreams, with Mar\u00edna Pavlovi\u010dov\u00e1, Statua Gallery, Bratislava<\/p>\n<p>2018<\/p>\n<p>In good Company, with Linda Vikov\u00e1, P.M.Boh\u00fa\u0148 Gallery, Liptovsk\u00fd Mikul\u00e1\u0161<\/p>\n<p>2017<\/p>\n<p>Chapter 1 and 2, Rosenfeld Palace, \u017dilina<\/p>\n<p>Chapter 1, HotDock Gallery, Bratislava<\/p>\n<p>2014<\/p>\n<p>si.li. time for fairy tales, with Linda Vikov\u00e1 Nova Gallery, Bratislava<\/p>\n<p>Little Black Land, Freshmen\u2019s Gallery, Bratislava<\/p>\n<p>Black Land, Da Wang Culture Highland, Shenzhen<\/p>\n<p>2012<\/p>\n<p>Golden Base, Nova Gallery, Bratislava<\/p>\n<p>I love you, Photoport Gallery, Bratislava<\/p>\n<p>2010<\/p>\n<p>Intro, with Monika Brz\u00e1, Design Studio \u00da\u013dUV, Bratislava[\/vc_column_text][\/vc_column_inner][vc_column_inner width=&#8221;1\/2&#8243;][vc_column_text css=&#8221;&#8221;]<strong>Selected Group Shows<\/strong><\/p>\n<p>2024<\/p>\n<p>European Ceramic Context, Bornholm<\/p>\n<p>Bratislava Design Week 2024, Prior, Bratislava<\/p>\n<p>2023<\/p>\n<p>Transmodernita\/Transmodernit\u00e9\/Transmodernity, la Galerie Kolektiv Cit\u00e9 Radieuse, Unit\u00e9 d\u2019Habitation Le Corbusier de Marseille<\/p>\n<p>Pere e Mele, Instituto slovacco a Roma<\/p>\n<p>Bratislava Design Week, curatorial part, Bratislava City Gallery<\/p>\n<p>2022<\/p>\n<p>Bratislava Design Week, curatorial part, Bratislava City Gallery<\/p>\n<p>2021<\/p>\n<p>Code Ceramics, Galeria Dizajn BWA, Wroclaw<\/p>\n<p>In Silence, Budat\u00edn Castle, \u017dilina<\/p>\n<p>2019<\/p>\n<p>Designblok, Arthouse \u2013 Lapidarium, Prague<\/p>\n<p>Quarzsprung, Bayerischer Kunstgewerbeverien, Munich<\/p>\n<p>2018<\/p>\n<p>European Ceramic Context, Bornholm Art Museum, Bornholm<\/p>\n<p>Ceramic and its Dimensions, UPM, Prague<\/p>\n<p>Out of the circle, The Schaubmar \u2013 Slovak National Gallery Pezinok<\/p>\n<p>2017<\/p>\n<p>Bratislava Design Week 2017<\/p>\n<p>K\u0159ehk\u00fd, Castle Mikulov<\/p>\n<p>2016<\/p>\n<p>More is more, Rona Gallery, Lednick\u00e9 Rovne<\/p>\n<p>Inspirations and Interpretations, Ludovit Fulla Gallery, Ru\u017eomberok<\/p>\n<p>2015<\/p>\n<p>Vase,\u00a0Gallery of Slovak Institute Prague<\/p>\n<p>2014<\/p>\n<p>Hot &amp; Cold,\u00a0Contemporary Drinking Glass and Porcelain from Central Europe\u00a0at the Azerbaijan National Museum of Art, Baku<\/p>\n<p>Dream Catcher Project (Sculptural edition), Black Square Gallery, Miami<\/p>\n<p>2013<\/p>\n<p>The Figure \u2013 Sculpture in Ceramics, The Ceramics Talent Award, Keramikmuseum Westerwald, Nemecko<\/p>\n<p>Blood, Slovak National Gallery, Esterh\u00e1zy Palace, Bratislava<\/p>\n<p>2012<\/p>\n<p>Servus from Bratislava, Walking Chair Gallery, Vienna<\/p>\n<p>si.li.cabinet at Designweekend Bratislava, with Linda Vikov\u00e1<\/p>\n<p>2010<\/p>\n<p>XXIst International Biennale of Contemporary Ceramics, Vallauris<\/p>\n<p>Home Sweet Potato, Medium Gallery, Bratislava<\/p>\n<p>2009<\/p>\n<p>European Prize for Applied Arts, Mons[\/vc_column_text][\/vc_column_inner][\/vc_row_inner][\/vc_column][\/vc_row]\n<\/div>","protected":false},"excerpt":{"rendered":"<p>[vc_row curly_padding=&#8221;content-padding&#8221; css=&#8221;.vc_custom_1504195713546{padding-bottom: 0px !important;}&#8221;][vc_column][vc_column_text css=&#8221;&#8221;] Simona Jani\u0161ov\u00e1 [\/vc_column_text][vc_empty_space height=&#8221;&#8221; el_class=&#8221;xtd-spacer&#8221;][\/vc_column][vc_column width=&#8221;1\/3&#8243;][vc_single_image image=&#8221;5126&#8243; img_size=&#8221;full&#8221; style=&#8221;xtd-shadow&#8211;normal-light&#8221; css=&#8221;&#8221; el_class=&#8221;xtd-offset-frame&#8221;][vc_empty_space height=&#8221;&#8221; el_class=&#8221;xtd-spacer&#8221;][\/vc_column][vc_column width=&#8221;2\/3&#8243; offset=&#8221;vc_col-lg-offset-1 vc_col-lg-7&#8243;][vc_row_inner el_class=&#8221;mb-3&#8243;][vc_column_inner][vc_btn title=&#8221;Artworks available&#8221; style=&#8221;btn-outline-primary&#8221; i_align=&#8221;right&#8221; i_icon_fontawesome=&#8221;fas fa-long-arrow-alt-down&#8221; add_icon=&#8221;true&#8221; link=&#8221;url:%23diela|&#8221; el_class=&#8221;mr-3&#8243;][vc_btn title=&#8221;Exhibition&#8221; style=&#8221;btn-outline-primary&#8221; i_align=&#8221;right&#8221; i_icon_fontawesome=&#8221;fas fa-long-arrow-alt-down&#8221; add_icon=&#8221;true&#8221; link=&#8221;url:%23vystavy|&#8221; el_class=&#8221;mr-3&#8243;][vc_btn title=&#8221;Curriculum vitae&#8221; style=&#8221;btn-outline-primary&#8221; i_align=&#8221;right&#8221; i_icon_fontawesome=&#8221;fas fa-long-arrow-alt-down&#8221; add_icon=&#8221;true&#8221; link=&#8221;url:%23zivotopis|&#8221;][\/vc_column_inner][\/vc_row_inner][vc_column_text css=&#8221;&#8221;]Simona Jani\u0161ov\u00e1 (1985) studied ceramics at the Josef Vydra School of Applied [&hellip;]<\/p>\n","protected":false},"author":3,"featured_media":0,"parent":803,"menu_order":0,"comment_status":"closed","ping_status":"closed","template":"","meta":{"footnotes":""},"class_list":["post-5084","page","type-page","status-publish","hentry"],"yoast_head":"<!-- This site is optimized with the Yoast SEO plugin v24.8.1 - https:\/\/yoast.com\/wordpress\/plugins\/seo\/ -->\n<title>Simona Jani\u0161ov\u00e1 | Station Contemporary Art Gallery<\/title>\n<meta name=\"robots\" content=\"index, follow, max-snippet:-1, max-image-preview:large, max-video-preview:-1\" \/>\n<link rel=\"canonical\" href=\"https:\/\/www.stationgallery.sk\/en\/artists\/simona-janisova\/\" \/>\n<meta property=\"og:locale\" content=\"en_US\" \/>\n<meta property=\"og:type\" content=\"article\" \/>\n<meta property=\"og:title\" content=\"Simona Jani\u0161ov\u00e1 | Station Contemporary Art Gallery\" \/>\n<meta property=\"og:description\" content=\"[vc_row curly_padding=&#8221;content-padding&#8221; css=&#8221;.vc_custom_1504195713546{padding-bottom: 0px !important;}&#8221;][vc_column][vc_column_text css=&#8221;&#8221;] Simona Jani\u0161ov\u00e1 [\/vc_column_text][vc_empty_space height=&#8221;&#8221; el_class=&#8221;xtd-spacer&#8221;][\/vc_column][vc_column width=&#8221;1\/3&#8243;][vc_single_image image=&#8221;5126&#8243; img_size=&#8221;full&#8221; style=&#8221;xtd-shadow&#8211;normal-light&#8221; css=&#8221;&#8221; el_class=&#8221;xtd-offset-frame&#8221;][vc_empty_space height=&#8221;&#8221; el_class=&#8221;xtd-spacer&#8221;][\/vc_column][vc_column width=&#8221;2\/3&#8243; offset=&#8221;vc_col-lg-offset-1 vc_col-lg-7&#8243;][vc_row_inner el_class=&#8221;mb-3&#8243;][vc_column_inner][vc_btn title=&#8221;Artworks available&#8221; style=&#8221;btn-outline-primary&#8221; i_align=&#8221;right&#8221; i_icon_fontawesome=&#8221;fas fa-long-arrow-alt-down&#8221; add_icon=&#8221;true&#8221; link=&#8221;url:%23diela|&#8221; el_class=&#8221;mr-3&#8243;][vc_btn title=&#8221;Exhibition&#8221; style=&#8221;btn-outline-primary&#8221; i_align=&#8221;right&#8221; i_icon_fontawesome=&#8221;fas fa-long-arrow-alt-down&#8221; add_icon=&#8221;true&#8221; link=&#8221;url:%23vystavy|&#8221; el_class=&#8221;mr-3&#8243;][vc_btn title=&#8221;Curriculum vitae&#8221; style=&#8221;btn-outline-primary&#8221; i_align=&#8221;right&#8221; i_icon_fontawesome=&#8221;fas fa-long-arrow-alt-down&#8221; add_icon=&#8221;true&#8221; link=&#8221;url:%23zivotopis|&#8221;][\/vc_column_inner][\/vc_row_inner][vc_column_text css=&#8221;&#8221;]Simona Jani\u0161ov\u00e1 (1985) studied ceramics at the Josef Vydra School of Applied [&hellip;]\" \/>\n<meta property=\"og:url\" content=\"https:\/\/www.stationgallery.sk\/en\/artists\/simona-janisova\/\" \/>\n<meta property=\"og:site_name\" content=\"Station Contemporary Art Gallery\" \/>\n<meta property=\"article:modified_time\" content=\"2025-05-06T17:10:29+00:00\" \/>\n<meta name=\"twitter:card\" content=\"summary_large_image\" \/>\n<meta name=\"twitter:label1\" content=\"Est. reading time\" \/>\n\t<meta name=\"twitter:data1\" content=\"6 minutes\" \/>\n<script type=\"application\/ld+json\" class=\"yoast-schema-graph\">{\"@context\":\"https:\/\/schema.org\",\"@graph\":[{\"@type\":\"WebPage\",\"@id\":\"https:\/\/www.stationgallery.sk\/en\/artists\/simona-janisova\/\",\"url\":\"https:\/\/www.stationgallery.sk\/en\/artists\/simona-janisova\/\",\"name\":\"Simona Jani\u0161ov\u00e1 | Station Contemporary Art Gallery\",\"isPartOf\":{\"@id\":\"https:\/\/www.stationgallery.sk\/en\/#website\"},\"datePublished\":\"2025-05-04T16:07:14+00:00\",\"dateModified\":\"2025-05-06T17:10:29+00:00\",\"breadcrumb\":{\"@id\":\"https:\/\/www.stationgallery.sk\/en\/artists\/simona-janisova\/#breadcrumb\"},\"inLanguage\":\"en-US\",\"potentialAction\":[{\"@type\":\"ReadAction\",\"target\":[\"https:\/\/www.stationgallery.sk\/en\/artists\/simona-janisova\/\"]}]},{\"@type\":\"BreadcrumbList\",\"@id\":\"https:\/\/www.stationgallery.sk\/en\/artists\/simona-janisova\/#breadcrumb\",\"itemListElement\":[{\"@type\":\"ListItem\",\"position\":1,\"name\":\"Domovsk\u00e1 str\u00e1nka\",\"item\":\"https:\/\/www.stationgallery.sk\/en\/\"},{\"@type\":\"ListItem\",\"position\":2,\"name\":\"Artists\",\"item\":\"https:\/\/www.stationgallery.sk\/en\/artists\/\"},{\"@type\":\"ListItem\",\"position\":3,\"name\":\"Simona Jani\u0161ov\u00e1\"}]},{\"@type\":\"WebSite\",\"@id\":\"https:\/\/www.stationgallery.sk\/en\/#website\",\"url\":\"https:\/\/www.stationgallery.sk\/en\/\",\"name\":\"Station Contemporary Art Gallery\",\"description\":\"\",\"publisher\":{\"@id\":\"https:\/\/www.stationgallery.sk\/en\/#organization\"},\"potentialAction\":[{\"@type\":\"SearchAction\",\"target\":{\"@type\":\"EntryPoint\",\"urlTemplate\":\"https:\/\/www.stationgallery.sk\/en\/?s={search_term_string}\"},\"query-input\":{\"@type\":\"PropertyValueSpecification\",\"valueRequired\":true,\"valueName\":\"search_term_string\"}}],\"inLanguage\":\"en-US\"},{\"@type\":\"Organization\",\"@id\":\"https:\/\/www.stationgallery.sk\/en\/#organization\",\"name\":\"STATION Contemporary Art Gallery\",\"url\":\"https:\/\/www.stationgallery.sk\/en\/\",\"logo\":{\"@type\":\"ImageObject\",\"inLanguage\":\"en-US\",\"@id\":\"https:\/\/www.stationgallery.sk\/en\/#\/schema\/logo\/image\/\",\"url\":\"https:\/\/www.stationgallery.sk\/wp-content\/uploads\/2020\/12\/station-gallery-logo.png\",\"contentUrl\":\"https:\/\/www.stationgallery.sk\/wp-content\/uploads\/2020\/12\/station-gallery-logo.png\",\"width\":649,\"height\":115,\"caption\":\"STATION Contemporary Art Gallery\"},\"image\":{\"@id\":\"https:\/\/www.stationgallery.sk\/en\/#\/schema\/logo\/image\/\"}}]}<\/script>\n<!-- \/ Yoast SEO plugin. -->","yoast_head_json":{"title":"Simona Jani\u0161ov\u00e1 | Station Contemporary Art Gallery","robots":{"index":"index","follow":"follow","max-snippet":"max-snippet:-1","max-image-preview":"max-image-preview:large","max-video-preview":"max-video-preview:-1"},"canonical":"https:\/\/www.stationgallery.sk\/en\/artists\/simona-janisova\/","og_locale":"en_US","og_type":"article","og_title":"Simona Jani\u0161ov\u00e1 | Station Contemporary Art Gallery","og_description":"[vc_row curly_padding=&#8221;content-padding&#8221; css=&#8221;.vc_custom_1504195713546{padding-bottom: 0px !important;}&#8221;][vc_column][vc_column_text css=&#8221;&#8221;] Simona Jani\u0161ov\u00e1 [\/vc_column_text][vc_empty_space height=&#8221;&#8221; el_class=&#8221;xtd-spacer&#8221;][\/vc_column][vc_column width=&#8221;1\/3&#8243;][vc_single_image image=&#8221;5126&#8243; img_size=&#8221;full&#8221; style=&#8221;xtd-shadow&#8211;normal-light&#8221; css=&#8221;&#8221; el_class=&#8221;xtd-offset-frame&#8221;][vc_empty_space height=&#8221;&#8221; el_class=&#8221;xtd-spacer&#8221;][\/vc_column][vc_column width=&#8221;2\/3&#8243; offset=&#8221;vc_col-lg-offset-1 vc_col-lg-7&#8243;][vc_row_inner el_class=&#8221;mb-3&#8243;][vc_column_inner][vc_btn title=&#8221;Artworks available&#8221; style=&#8221;btn-outline-primary&#8221; i_align=&#8221;right&#8221; i_icon_fontawesome=&#8221;fas fa-long-arrow-alt-down&#8221; add_icon=&#8221;true&#8221; link=&#8221;url:%23diela|&#8221; el_class=&#8221;mr-3&#8243;][vc_btn title=&#8221;Exhibition&#8221; style=&#8221;btn-outline-primary&#8221; i_align=&#8221;right&#8221; i_icon_fontawesome=&#8221;fas fa-long-arrow-alt-down&#8221; add_icon=&#8221;true&#8221; link=&#8221;url:%23vystavy|&#8221; el_class=&#8221;mr-3&#8243;][vc_btn title=&#8221;Curriculum vitae&#8221; style=&#8221;btn-outline-primary&#8221; i_align=&#8221;right&#8221; i_icon_fontawesome=&#8221;fas fa-long-arrow-alt-down&#8221; add_icon=&#8221;true&#8221; link=&#8221;url:%23zivotopis|&#8221;][\/vc_column_inner][\/vc_row_inner][vc_column_text css=&#8221;&#8221;]Simona Jani\u0161ov\u00e1 (1985) studied ceramics at the Josef Vydra School of Applied [&hellip;]","og_url":"https:\/\/www.stationgallery.sk\/en\/artists\/simona-janisova\/","og_site_name":"Station Contemporary Art Gallery","article_modified_time":"2025-05-06T17:10:29+00:00","twitter_card":"summary_large_image","twitter_misc":{"Est. reading time":"6 minutes"},"schema":{"@context":"https:\/\/schema.org","@graph":[{"@type":"WebPage","@id":"https:\/\/www.stationgallery.sk\/en\/artists\/simona-janisova\/","url":"https:\/\/www.stationgallery.sk\/en\/artists\/simona-janisova\/","name":"Simona Jani\u0161ov\u00e1 | Station Contemporary Art Gallery","isPartOf":{"@id":"https:\/\/www.stationgallery.sk\/en\/#website"},"datePublished":"2025-05-04T16:07:14+00:00","dateModified":"2025-05-06T17:10:29+00:00","breadcrumb":{"@id":"https:\/\/www.stationgallery.sk\/en\/artists\/simona-janisova\/#breadcrumb"},"inLanguage":"en-US","potentialAction":[{"@type":"ReadAction","target":["https:\/\/www.stationgallery.sk\/en\/artists\/simona-janisova\/"]}]},{"@type":"BreadcrumbList","@id":"https:\/\/www.stationgallery.sk\/en\/artists\/simona-janisova\/#breadcrumb","itemListElement":[{"@type":"ListItem","position":1,"name":"Domovsk\u00e1 str\u00e1nka","item":"https:\/\/www.stationgallery.sk\/en\/"},{"@type":"ListItem","position":2,"name":"Artists","item":"https:\/\/www.stationgallery.sk\/en\/artists\/"},{"@type":"ListItem","position":3,"name":"Simona Jani\u0161ov\u00e1"}]},{"@type":"WebSite","@id":"https:\/\/www.stationgallery.sk\/en\/#website","url":"https:\/\/www.stationgallery.sk\/en\/","name":"Station Contemporary Art Gallery","description":"","publisher":{"@id":"https:\/\/www.stationgallery.sk\/en\/#organization"},"potentialAction":[{"@type":"SearchAction","target":{"@type":"EntryPoint","urlTemplate":"https:\/\/www.stationgallery.sk\/en\/?s={search_term_string}"},"query-input":{"@type":"PropertyValueSpecification","valueRequired":true,"valueName":"search_term_string"}}],"inLanguage":"en-US"},{"@type":"Organization","@id":"https:\/\/www.stationgallery.sk\/en\/#organization","name":"STATION Contemporary Art Gallery","url":"https:\/\/www.stationgallery.sk\/en\/","logo":{"@type":"ImageObject","inLanguage":"en-US","@id":"https:\/\/www.stationgallery.sk\/en\/#\/schema\/logo\/image\/","url":"https:\/\/www.stationgallery.sk\/wp-content\/uploads\/2020\/12\/station-gallery-logo.png","contentUrl":"https:\/\/www.stationgallery.sk\/wp-content\/uploads\/2020\/12\/station-gallery-logo.png","width":649,"height":115,"caption":"STATION Contemporary Art Gallery"},"image":{"@id":"https:\/\/www.stationgallery.sk\/en\/#\/schema\/logo\/image\/"}}]}},"_links":{"self":[{"href":"https:\/\/www.stationgallery.sk\/en\/wp-json\/wp\/v2\/pages\/5084","targetHints":{"allow":["GET"]}}],"collection":[{"href":"https:\/\/www.stationgallery.sk\/en\/wp-json\/wp\/v2\/pages"}],"about":[{"href":"https:\/\/www.stationgallery.sk\/en\/wp-json\/wp\/v2\/types\/page"}],"author":[{"embeddable":true,"href":"https:\/\/www.stationgallery.sk\/en\/wp-json\/wp\/v2\/users\/3"}],"replies":[{"embeddable":true,"href":"https:\/\/www.stationgallery.sk\/en\/wp-json\/wp\/v2\/comments?post=5084"}],"version-history":[{"count":4,"href":"https:\/\/www.stationgallery.sk\/en\/wp-json\/wp\/v2\/pages\/5084\/revisions"}],"predecessor-version":[{"id":5130,"href":"https:\/\/www.stationgallery.sk\/en\/wp-json\/wp\/v2\/pages\/5084\/revisions\/5130"}],"up":[{"embeddable":true,"href":"https:\/\/www.stationgallery.sk\/en\/wp-json\/wp\/v2\/pages\/803"}],"wp:attachment":[{"href":"https:\/\/www.stationgallery.sk\/en\/wp-json\/wp\/v2\/media?parent=5084"}],"curies":[{"name":"wp","href":"https:\/\/api.w.org\/{rel}","templated":true}]}}