{"id":4906,"date":"2025-05-04T11:15:54","date_gmt":"2025-05-04T09:15:54","guid":{"rendered":"https:\/\/www.stationgallery.sk\/artists\/emoke-vargova\/"},"modified":"2025-05-04T17:26:35","modified_gmt":"2025-05-04T15:26:35","slug":"emoke-vargova","status":"publish","type":"page","link":"https:\/\/www.stationgallery.sk\/en\/emoke-vargova\/","title":{"rendered":"Em\u0151ke Vargov\u00e1"},"content":{"rendered":"<div class=\"wpb-content-wrapper\">[vc_row curly_padding=&#8221;content-padding&#8221; css=&#8221;.vc_custom_1504195713546{padding-bottom: 0px !important;}&#8221;][vc_column][vc_column_text css=&#8221;&#8221;]\n<h1 class=\"display-3 special-title\" style=\"text-align: center;\">Em\u0151ke Vargov\u00e1<\/h1>\n[\/vc_column_text][vc_empty_space height=&#8221;&#8221; el_class=&#8221;xtd-spacer&#8221;][\/vc_column][vc_column width=&#8221;1\/3&#8243;][vc_single_image image=&#8221;4933&#8243; img_size=&#8221;full&#8221; style=&#8221;xtd-shadow&#8211;normal-light&#8221; css=&#8221;&#8221; el_class=&#8221;xtd-offset-frame&#8221;][vc_empty_space height=&#8221;&#8221; el_class=&#8221;xtd-spacer&#8221;][\/vc_column][vc_column width=&#8221;2\/3&#8243; offset=&#8221;vc_col-lg-offset-1 vc_col-lg-7&#8243;][vc_row_inner el_class=&#8221;mb-3&#8243;][vc_column_inner][vc_btn title=&#8221;Vybran\u00e9 diela&#8221; style=&#8221;btn-outline-primary&#8221; i_align=&#8221;right&#8221; i_icon_fontawesome=&#8221;fas fa-long-arrow-alt-down&#8221; add_icon=&#8221;true&#8221; link=&#8221;url:%23diela&#8221; el_class=&#8221;mr-3&#8243;][vc_btn title=&#8221;V\u00fdstava&#8221; style=&#8221;btn-outline-primary&#8221; i_align=&#8221;right&#8221; i_icon_fontawesome=&#8221;fas fa-long-arrow-alt-down&#8221; add_icon=&#8221;true&#8221; link=&#8221;url:%23vystavy&#8221; el_class=&#8221;mr-3&#8243;][vc_btn title=&#8221;\u017divotopis&#8221; style=&#8221;btn-outline-primary&#8221; i_align=&#8221;right&#8221; i_icon_fontawesome=&#8221;fas fa-long-arrow-alt-down&#8221; add_icon=&#8221;true&#8221; link=&#8221;url:%23zivotopis&#8221;][\/vc_column_inner][\/vc_row_inner][vc_column_text css=&#8221;&#8221;]\n<p style=\"font-weight: 400;\">Em\u0151ke Vargov\u00e1 (nar. 1965, Dunajsk\u00e1 Streda) vo svojom programe pracovala s r\u00f4znymi m\u00e9diami a technikami vr\u00e1tane fotografie, site-specific in\u0161tal\u00e1cie a akcie u\u017e od 90. rokoch 20. storo\u010dia. Okrem vlastnej plodnej umeleckej praxe vyu\u010duje na Vysokej \u0161kole v\u00fdtvarn\u00fdch umen\u00ed v Bratislave a svoj\u00edm osobit\u00fdm pr\u00edstupom in\u0161piruje nov\u00e9 ge-ner\u00e1cie umelcov a umelk\u00fd\u0148. Jej diela s\u00fa zast\u00fapen\u00e9 v prest\u00ed\u017enych dom\u00e1cich aj zahrani\u010dn\u00fdch zbierkach, vr\u00e1tane Slovenskej n\u00e1rodnej gal\u00e9rie.<\/p>\n[\/vc_column_text][\/vc_column][\/vc_row][vc_row el_id=&#8221;diela&#8221;][vc_column][vc_column_text]\n<h2 class=\"special-title\" style=\"text-align: center;\">Vybran\u00e9 diela<\/h2>\n[\/vc_column_text][vc_media_grid element_width=&#8221;3&#8243; css=&#8221;&#8221; grid_id=&#8221;vc_gid:1746372369449-134c418b-d26b-4&#8243; include=&#8221;4899,4901,4903&#8243;][\/vc_column][\/vc_row][vc_row el_id=&#8221;vystavy&#8221;][vc_column][vc_column_text]\n<h2 class=\"special-title\" style=\"text-align: center;\">V\u00fdstava<\/h2>\n[\/vc_column_text][vc_media_grid element_width=&#8221;3&#8243; css=&#8221;&#8221; grid_id=&#8221;vc_gid:1746372369452-9e3cecd4-0f28-6&#8243; include=&#8221;4879,4881,4883,4885,4887,4889,4891,4893,4895,4897&#8243;][\/vc_column][\/vc_row][vc_row el_id=&#8221;zivotopis&#8221;][vc_column][vc_column_text]\n<h2 class=\"special-title\" style=\"text-align: center;\">\u017divotopis \/ CV<\/h2>\n[\/vc_column_text][vc_row_inner][vc_column_inner width=&#8221;1\/2&#8243;][vc_column_text css=&#8221;&#8221;]\n<p style=\"text-align: left;\"><strong>Vzdelanie<\/strong><\/p>\n<div style=\"text-align: left;\">1980 \u2013 1984 Secondary School of Applied Arts, Bratislava<br \/>\n1984 \u2013 1991 Academy of Fine Arts, Bratislava, Department of Painting, Rudolf Fila<\/div>\n<div><\/div>\n<div><\/div>\n<div><strong>Ocenenia<\/strong><\/div>\n<div><\/div>\n<p>2021 Parallel Vienna 2021 Art Fair, Semmelweis Women\u2019s Clinic, Vienna, AT<br \/>\n7th place in the Parnass Magazine ranking: Best of Gallery Statements @parallelvienna<br \/>\n1999 Tonal 1999, Slovak Young Visual Art Prize-Tonal, Bratislava, winner<br \/>\n1998 Slovak Young Visual Art Prize, Bratislava, finalist<br \/>\n1992 Martin Benka Prize<\/p>\n<p><strong>Samostatn\u00e9 v\u00fdstavy:<\/strong><\/p>\n<div>2024 Em\u0151ke Vargov\u00e1 Stitched Away, Children\u00b4s Gallery, Broumov Lapidarium, Broumov, CZ<br \/>\nNo One and Nothing, Station Gallery, Bratislava, SK<br \/>\n2023 Dorota Sadovsk\u00e1, Em\u0151ke Vargov\u00e1, J\u00e1n Vasilko, K\u00fcnstlerhaus Palais Thurn und Taxis, Bregenz, A<br \/>\n2022 Em\u0151ke Vargov\u00e1 is Divine, \u010cin \u010cin Gallery, Bratislava, SK<br \/>\n2021 Just Sew!, Schemnitz Gallery, Bansk\u00e1 \u0160tiavnica, SK<br \/>\n2020 Blank Line, At Home Gallery, \u0160amor\u00edn, SK<br \/>\n2019 Em\u0151ke Vargov\u00e1: E:V:, Futura-Center for Contemporary Art, Prague, CZ<br \/>\n2018 Premium Line, City Gallery of Bratislava, Mirbach Palace, Bratislava, SK<br \/>\n2017 Pertu No.12: Emese Benc\u00far + Em\u0151ke Vargov\u00e1, Gal\u00e9ria Nov\u00e9 Z\u00e1mky, SK<br \/>\n2016 Em\u0151ke Vargov\u00e1: 265 Hugs, Nitrianska Gal\u00e9ria, Nitra, SK<br \/>\n2012 I Hear the Snow Falling \u2026, 19 Gallery, Bratislava, SK<br \/>\n2011 Author\u2019s Paper, Linea Gallery, Bratislava, SK<br \/>\nSandwich, At Home Gallery, \u0160amor\u00edn, SK<br \/>\nCertainty, Cypri\u00e1n Majern\u00edk Gallery, Bratislava, SK<br \/>\n2010 Hick me up Already, Fru Fru Gallery, Bratislava, SK<br \/>\nEm\u0151ke Vargov\u00e1, Bonjour 2010, Bratislava, SK<br \/>\nEm\u0151ke Vargov\u00e1, Gallery of Contemporary Hungarian Artists, Dunajsk\u00e1 Streda, SK<br \/>\n2009 Mikroskop 2009, 13m3, Plan C, Cvernovka, Bratislava, SK<br \/>\n2004 \u0151+3, Slovak National Gallery-Museum of Hungarian Culture in Slovakia, Bratislava, SK<br \/>\nSoft Images \u2013 Reliefs, Linea Gallery, Bratislava, SK<br \/>\n2003 Mario Sinnhofer \u2013 Em\u0151ke Vargov\u00e1, O. K Center for Contemporary Art, Linz, CH\u037e J\u00e1n Koniarek<br \/>\nGallery, Trnava, SK<br \/>\nBlue, Red, Orange, City Gallery of Bratislava, Mirbach Palace, Bratislava, SK<\/div>\n<div>2002 DS952AG, Gallery at the White Unicorn, Klatovy, CZ<br \/>\n2001 Mine!, City Gallery of Bratislava, Mirbach Palace, Bratislava, SK<br \/>\n2000 D\u00e9j\u00e0 vu, Vojtech L\u00f6ffler Museum, Ko\u0161ice, SK<br \/>\nEm\u0151ke Vargov\u00e1, Jan Ambr\u016fz, At Home Gallery, \u0160amor\u00edn, SK<br \/>\nZeichnungen, Galerie an der Bahnhofstross, M\u00f6rschwil, CH<br \/>\n1999 Portraits, City Gallery of Bratislava, P\u00e1lffy Palace, Bratislava, SK<br \/>\n1998 Soft Objects, Gallery Young, At the Good Shepherd, Brno, CZ<br \/>\nObjects, Galerie Objekta, Kreuzlingen, CH<br \/>\n1997 Project Ost \/ West (3), SNG, Zvolen, SK<br \/>\n1996 Project Ost \/ West (2), Cypri\u00e1n Majern\u00edk Gallery Bratislava, SK<br \/>\nProject Ost \/ West (1), SNG, Slovak National Gallery, Vermes Villa, Dunajsk\u00e1 Streda, SK<br \/>\n1995 33&#215;33, Binz 39, Z\u00fcrich, CH<br \/>\nArt of Aura, Synagogue-Center for Contemporary Art, Trnava, SK<br \/>\n1993 Prints, XY Gallery, Nov\u00e9 Z\u00e1mky, SK<br \/>\nFrom Paper, Artot\u00e9ka Gallery, Bratislava, SK<\/div>\n[\/vc_column_text][\/vc_column_inner][vc_column_inner width=&#8221;1\/2&#8243;][vc_column_text css=&#8221;&#8221;]\n<p style=\"text-align: left;\"><strong>Skupinov\u00e9 v\u00fdstavy:<\/strong><\/p>\n<div style=\"text-align: left;\">2024 Retrospektive: 21-23, Michael Bella Gallery, Vienna, AT<br \/>\n2023 From Collector to Patron, An Exhibition of Works Donatted from the Linea Collection, Slovak<br \/>\nNational Gallery, Bratislava, SK<br \/>\n2022 It&#8217;s hard to live easily, Nitra gallery, Nitra, SK<br \/>\nDecember Clues 9, \u010cin \u010cin Gallery, Bratislava, SK<br \/>\nPrologue. 12 Colors of Reality, Slovak National Gallery, Bratislava, SK<br \/>\n2021 Parallel Viena 2021 Art Fair, Semmelweis-Frauenklinik, Vienna, A<br \/>\nJellyfish Diopter, Mikulov kastle, Mikulov, CZ<br \/>\n2019 Retina: Painting Possibilities (1989-2019), 8smi\u010dka-Zone For Art,<br \/>\nHumpolec, CZ<br \/>\n2018 Orient, Kim?, Contemporary Art Center, Riga, LT; Bozar, Centre for Fine Arts, Brussels, B;<br \/>\nBunkier Gallery of Contemporary Art, Krakow, PL<br \/>\n2017 Like at Home, Model Situation of Slovak Sculpture of 20th Century, KOD Kunsthalle Bratislava, SK<br \/>\n2015 It Will Remain in the Family, Children\u00b4s Inputs into the Work of Parents-Artists \/ And Vice Versa\/,<br \/>\nRo\u017e\u0148avsk\u00e9 Radi\u00e1ly 3.03, Mining Museum, Ro\u017e\u0148ava, SK<br \/>\nReconstructions \/ Work in progress, Slovak National Gallery, Bratislava, SK<br \/>\n2014 Two Countries, SNG, Slovak Nation Gallery-Esterh\u00e1zy Palace, Bratislava, SK<br \/>\nHaute Couture, Nitra Gallery, Nitra, SK<br \/>\n2013 Zero Years in Slovakia 1999 \u2013 2011, Freies Museum Berlin, Berlin, D<br \/>\nIt Will Remain in the Family, Children\u00b4s Inputs into the Work of Parents-Artists \/ And Vice Versa\/,<br \/>\nCity Gallery of Bratislava, Mirbach Palace, Bratislava, SK<br \/>\n2012 Otto, Slovak Institute, Budapest, H<br \/>\nVosem, Slovak Institute, Moskva, RUS<br \/>\nNyolc, Slovak Institute, Budapest, H<br \/>\n2011 Otto, Slovak Institute, Rome, I<br \/>\nThe 6th New Zl\u00edn Salon 2011, Zl\u00edn House of Arts, Zl\u00edn, CZ<br \/>\nZero Years, PGU, \u017dilina\u037e National House of Arts, Bratislava, SK<br \/>\n2010 Painting after Painting, Slovak National Gallery, Bratislava, SK<br \/>\nInter \u2013 View I., Nitra Gallery, Nitra, SK<br \/>\n8, Slovak Cultural Institute, Berlin, D<\/div>\n<div>2024 Retrospektive: 21-23, Michael Bella Gallery, Vienna, AT<br \/>\n2023 From Collector to Patron, An Exhibition of Works Donatted from the Linea Collection, Slovak<br \/>\nNational Gallery, Bratislava, SK<br \/>\n2022 It&#8217;s hard to live easily, Nitra gallery, Nitra, SK<br \/>\nDecember Clues 9, \u010cin \u010cin Gallery, Bratislava, SK<br \/>\nPrologue. 12 Colors of Reality, Slovak National Gallery, Bratislava, SK<br \/>\n2021 Parallel Viena 2021 Art Fair, Semmelweis-Frauenklinik, Vienna, A<br \/>\nJellyfish Diopter, Mikulov kastle, Mikulov, CZ<br \/>\n2019 Retina: Painting Possibilities (1989-2019), 8smi\u010dka-Zone For Art,<br \/>\nHumpolec, CZ<br \/>\n2018 Orient, Kim?, Contemporary Art Center, Riga, LT; Bozar, Centre for Fine Arts, Brussels, B;<br \/>\nBunkier Gallery of Contemporary Art, Krakow, PL<br \/>\n2017 Like at Home, Model Situation of Slovak Sculpture of 20th Century, KOD Kunsthalle Bratislava, SK<br \/>\n2015 It Will Remain in the Family, Children\u00b4s Inputs into the Work of Parents-Artists \/ And Vice Versa\/,<br \/>\nRo\u017e\u0148avsk\u00e9 Radi\u00e1ly 3.03, Mining Museum, Ro\u017e\u0148ava, SK<br \/>\nReconstructions \/ Work in progress, Slovak National Gallery, Bratislava, SK<br \/>\n2014 Two Countries, SNG, Slovak Nation Gallery-Esterh\u00e1zy Palace, Bratislava, SK<br \/>\nHaute Couture, Nitra Gallery, Nitra, SK<br \/>\n2013 Zero Years in Slovakia 1999 \u2013 2011, Freies Museum Berlin, Berlin, D<br \/>\nIt Will Remain in the Family, Children\u00b4s Inputs into the Work of Parents-Artists \/ And Vice Versa\/,<br \/>\nCity Gallery of Bratislava, Mirbach Palace, Bratislava, SK<br \/>\n2012 Otto, Slovak Institute, Budapest, H<br \/>\nVosem, Slovak Institute, Moskva, RUS<br \/>\nNyolc, Slovak Institute, Budapest, H<br \/>\n2011 Otto, Slovak Institute, Rome, I<br \/>\nThe 6th New Zl\u00edn Salon 2011, Zl\u00edn House of Arts, Zl\u00edn, CZ<br \/>\nZero Years, PGU, \u017dilina\u037e National House of Arts, Bratislava, SK<br \/>\n2010 Painting after Painting, Slovak National Gallery, Bratislava, SK<br \/>\nInter \u2013 View I., Nitra Gallery, Nitra, SK<br \/>\n8, Slovak Cultural Institute, Berlin, D<\/div>\n<div>1994 IV. International Triennial of Small Sculptures and Drawings, J. Koll\u00e1r Gallery, Bansk\u00e1 \u0160tiavnica, SK<br \/>\nFrom the Artists Dictionary, Obecn\u00ed d\u016fm, Prague, CZ<br \/>\n6 + 6, City Gallery of Bratislava, Mirbach Palace, Bratislava, SK<\/div>\n[\/vc_column_text][\/vc_column_inner][\/vc_row_inner][\/vc_column][\/vc_row]\n<\/div>","protected":false},"excerpt":{"rendered":"<p>[vc_row curly_padding=&#8221;content-padding&#8221; css=&#8221;.vc_custom_1504195713546{padding-bottom: 0px !important;}&#8221;][vc_column][vc_column_text css=&#8221;&#8221;] Em\u0151ke Vargov\u00e1 [\/vc_column_text][vc_empty_space height=&#8221;&#8221; el_class=&#8221;xtd-spacer&#8221;][\/vc_column][vc_column width=&#8221;1\/3&#8243;][vc_single_image image=&#8221;4933&#8243; img_size=&#8221;full&#8221; style=&#8221;xtd-shadow&#8211;normal-light&#8221; css=&#8221;&#8221; el_class=&#8221;xtd-offset-frame&#8221;][vc_empty_space height=&#8221;&#8221; el_class=&#8221;xtd-spacer&#8221;][\/vc_column][vc_column width=&#8221;2\/3&#8243; offset=&#8221;vc_col-lg-offset-1 vc_col-lg-7&#8243;][vc_row_inner el_class=&#8221;mb-3&#8243;][vc_column_inner][vc_btn title=&#8221;Vybran\u00e9 diela&#8221; style=&#8221;btn-outline-primary&#8221; i_align=&#8221;right&#8221; i_icon_fontawesome=&#8221;fas fa-long-arrow-alt-down&#8221; add_icon=&#8221;true&#8221; link=&#8221;url:%23diela&#8221; el_class=&#8221;mr-3&#8243;][vc_btn title=&#8221;V\u00fdstava&#8221; style=&#8221;btn-outline-primary&#8221; i_align=&#8221;right&#8221; i_icon_fontawesome=&#8221;fas fa-long-arrow-alt-down&#8221; add_icon=&#8221;true&#8221; link=&#8221;url:%23vystavy&#8221; el_class=&#8221;mr-3&#8243;][vc_btn title=&#8221;\u017divotopis&#8221; style=&#8221;btn-outline-primary&#8221; i_align=&#8221;right&#8221; i_icon_fontawesome=&#8221;fas fa-long-arrow-alt-down&#8221; add_icon=&#8221;true&#8221; link=&#8221;url:%23zivotopis&#8221;][\/vc_column_inner][\/vc_row_inner][vc_column_text css=&#8221;&#8221;] Em\u0151ke Vargov\u00e1 (nar. 1965, Dunajsk\u00e1 Streda) vo svojom programe pracovala s r\u00f4znymi [&hellip;]<\/p>\n","protected":false},"author":3,"featured_media":0,"parent":0,"menu_order":0,"comment_status":"closed","ping_status":"closed","template":"","meta":{"footnotes":""},"class_list":["post-4906","page","type-page","status-publish","hentry"],"yoast_head":"<!-- This site is optimized with the Yoast SEO plugin v24.8.1 - https:\/\/yoast.com\/wordpress\/plugins\/seo\/ -->\n<title>Em\u0151ke Vargov\u00e1 | Station Contemporary Art Gallery<\/title>\n<meta name=\"description\" content=\"https:\/\/www.stationgallery.sk\/umelci\/emoke-vargova\/\" \/>\n<meta name=\"robots\" content=\"index, follow, max-snippet:-1, max-image-preview:large, max-video-preview:-1\" \/>\n<link rel=\"canonical\" href=\"https:\/\/www.stationgallery.sk\/en\/emoke-vargova\/\" \/>\n<meta property=\"og:locale\" content=\"en_US\" \/>\n<meta property=\"og:type\" content=\"article\" \/>\n<meta property=\"og:title\" content=\"Em\u0151ke Vargov\u00e1 | Station Contemporary Art Gallery\" \/>\n<meta property=\"og:description\" content=\"https:\/\/www.stationgallery.sk\/umelci\/emoke-vargova\/\" \/>\n<meta property=\"og:url\" content=\"https:\/\/www.stationgallery.sk\/en\/emoke-vargova\/\" \/>\n<meta property=\"og:site_name\" content=\"Station Contemporary Art Gallery\" \/>\n<meta property=\"article:modified_time\" content=\"2025-05-04T15:26:35+00:00\" \/>\n<meta name=\"twitter:card\" content=\"summary_large_image\" \/>\n<meta name=\"twitter:label1\" content=\"Est. reading time\" \/>\n\t<meta name=\"twitter:data1\" content=\"9 minutes\" \/>\n<script type=\"application\/ld+json\" class=\"yoast-schema-graph\">{\"@context\":\"https:\/\/schema.org\",\"@graph\":[{\"@type\":\"WebPage\",\"@id\":\"https:\/\/www.stationgallery.sk\/en\/emoke-vargova\/\",\"url\":\"https:\/\/www.stationgallery.sk\/en\/emoke-vargova\/\",\"name\":\"Em\u0151ke Vargov\u00e1 | Station Contemporary Art Gallery\",\"isPartOf\":{\"@id\":\"https:\/\/www.stationgallery.sk\/en\/#website\"},\"datePublished\":\"2025-05-04T09:15:54+00:00\",\"dateModified\":\"2025-05-04T15:26:35+00:00\",\"description\":\"https:\/\/www.stationgallery.sk\/umelci\/emoke-vargova\/\",\"breadcrumb\":{\"@id\":\"https:\/\/www.stationgallery.sk\/en\/emoke-vargova\/#breadcrumb\"},\"inLanguage\":\"en-US\",\"potentialAction\":[{\"@type\":\"ReadAction\",\"target\":[\"https:\/\/www.stationgallery.sk\/en\/emoke-vargova\/\"]}]},{\"@type\":\"BreadcrumbList\",\"@id\":\"https:\/\/www.stationgallery.sk\/en\/emoke-vargova\/#breadcrumb\",\"itemListElement\":[{\"@type\":\"ListItem\",\"position\":1,\"name\":\"Domovsk\u00e1 str\u00e1nka\",\"item\":\"https:\/\/www.stationgallery.sk\/en\/\"},{\"@type\":\"ListItem\",\"position\":2,\"name\":\"Em\u0151ke Vargov\u00e1\"}]},{\"@type\":\"WebSite\",\"@id\":\"https:\/\/www.stationgallery.sk\/en\/#website\",\"url\":\"https:\/\/www.stationgallery.sk\/en\/\",\"name\":\"Station Contemporary Art Gallery\",\"description\":\"\",\"publisher\":{\"@id\":\"https:\/\/www.stationgallery.sk\/en\/#organization\"},\"potentialAction\":[{\"@type\":\"SearchAction\",\"target\":{\"@type\":\"EntryPoint\",\"urlTemplate\":\"https:\/\/www.stationgallery.sk\/en\/?s={search_term_string}\"},\"query-input\":{\"@type\":\"PropertyValueSpecification\",\"valueRequired\":true,\"valueName\":\"search_term_string\"}}],\"inLanguage\":\"en-US\"},{\"@type\":\"Organization\",\"@id\":\"https:\/\/www.stationgallery.sk\/en\/#organization\",\"name\":\"STATION Contemporary Art Gallery\",\"url\":\"https:\/\/www.stationgallery.sk\/en\/\",\"logo\":{\"@type\":\"ImageObject\",\"inLanguage\":\"en-US\",\"@id\":\"https:\/\/www.stationgallery.sk\/en\/#\/schema\/logo\/image\/\",\"url\":\"https:\/\/www.stationgallery.sk\/wp-content\/uploads\/2020\/12\/station-gallery-logo.png\",\"contentUrl\":\"https:\/\/www.stationgallery.sk\/wp-content\/uploads\/2020\/12\/station-gallery-logo.png\",\"width\":649,\"height\":115,\"caption\":\"STATION Contemporary Art Gallery\"},\"image\":{\"@id\":\"https:\/\/www.stationgallery.sk\/en\/#\/schema\/logo\/image\/\"}}]}<\/script>\n<!-- \/ Yoast SEO plugin. -->","yoast_head_json":{"title":"Em\u0151ke Vargov\u00e1 | Station Contemporary Art Gallery","description":"https:\/\/www.stationgallery.sk\/umelci\/emoke-vargova\/","robots":{"index":"index","follow":"follow","max-snippet":"max-snippet:-1","max-image-preview":"max-image-preview:large","max-video-preview":"max-video-preview:-1"},"canonical":"https:\/\/www.stationgallery.sk\/en\/emoke-vargova\/","og_locale":"en_US","og_type":"article","og_title":"Em\u0151ke Vargov\u00e1 | Station Contemporary Art Gallery","og_description":"https:\/\/www.stationgallery.sk\/umelci\/emoke-vargova\/","og_url":"https:\/\/www.stationgallery.sk\/en\/emoke-vargova\/","og_site_name":"Station Contemporary Art Gallery","article_modified_time":"2025-05-04T15:26:35+00:00","twitter_card":"summary_large_image","twitter_misc":{"Est. reading time":"9 minutes"},"schema":{"@context":"https:\/\/schema.org","@graph":[{"@type":"WebPage","@id":"https:\/\/www.stationgallery.sk\/en\/emoke-vargova\/","url":"https:\/\/www.stationgallery.sk\/en\/emoke-vargova\/","name":"Em\u0151ke Vargov\u00e1 | Station Contemporary Art Gallery","isPartOf":{"@id":"https:\/\/www.stationgallery.sk\/en\/#website"},"datePublished":"2025-05-04T09:15:54+00:00","dateModified":"2025-05-04T15:26:35+00:00","description":"https:\/\/www.stationgallery.sk\/umelci\/emoke-vargova\/","breadcrumb":{"@id":"https:\/\/www.stationgallery.sk\/en\/emoke-vargova\/#breadcrumb"},"inLanguage":"en-US","potentialAction":[{"@type":"ReadAction","target":["https:\/\/www.stationgallery.sk\/en\/emoke-vargova\/"]}]},{"@type":"BreadcrumbList","@id":"https:\/\/www.stationgallery.sk\/en\/emoke-vargova\/#breadcrumb","itemListElement":[{"@type":"ListItem","position":1,"name":"Domovsk\u00e1 str\u00e1nka","item":"https:\/\/www.stationgallery.sk\/en\/"},{"@type":"ListItem","position":2,"name":"Em\u0151ke Vargov\u00e1"}]},{"@type":"WebSite","@id":"https:\/\/www.stationgallery.sk\/en\/#website","url":"https:\/\/www.stationgallery.sk\/en\/","name":"Station Contemporary Art Gallery","description":"","publisher":{"@id":"https:\/\/www.stationgallery.sk\/en\/#organization"},"potentialAction":[{"@type":"SearchAction","target":{"@type":"EntryPoint","urlTemplate":"https:\/\/www.stationgallery.sk\/en\/?s={search_term_string}"},"query-input":{"@type":"PropertyValueSpecification","valueRequired":true,"valueName":"search_term_string"}}],"inLanguage":"en-US"},{"@type":"Organization","@id":"https:\/\/www.stationgallery.sk\/en\/#organization","name":"STATION Contemporary Art Gallery","url":"https:\/\/www.stationgallery.sk\/en\/","logo":{"@type":"ImageObject","inLanguage":"en-US","@id":"https:\/\/www.stationgallery.sk\/en\/#\/schema\/logo\/image\/","url":"https:\/\/www.stationgallery.sk\/wp-content\/uploads\/2020\/12\/station-gallery-logo.png","contentUrl":"https:\/\/www.stationgallery.sk\/wp-content\/uploads\/2020\/12\/station-gallery-logo.png","width":649,"height":115,"caption":"STATION Contemporary Art Gallery"},"image":{"@id":"https:\/\/www.stationgallery.sk\/en\/#\/schema\/logo\/image\/"}}]}},"_links":{"self":[{"href":"https:\/\/www.stationgallery.sk\/en\/wp-json\/wp\/v2\/pages\/4906","targetHints":{"allow":["GET"]}}],"collection":[{"href":"https:\/\/www.stationgallery.sk\/en\/wp-json\/wp\/v2\/pages"}],"about":[{"href":"https:\/\/www.stationgallery.sk\/en\/wp-json\/wp\/v2\/types\/page"}],"author":[{"embeddable":true,"href":"https:\/\/www.stationgallery.sk\/en\/wp-json\/wp\/v2\/users\/3"}],"replies":[{"embeddable":true,"href":"https:\/\/www.stationgallery.sk\/en\/wp-json\/wp\/v2\/comments?post=4906"}],"version-history":[{"count":8,"href":"https:\/\/www.stationgallery.sk\/en\/wp-json\/wp\/v2\/pages\/4906\/revisions"}],"predecessor-version":[{"id":5033,"href":"https:\/\/www.stationgallery.sk\/en\/wp-json\/wp\/v2\/pages\/4906\/revisions\/5033"}],"wp:attachment":[{"href":"https:\/\/www.stationgallery.sk\/en\/wp-json\/wp\/v2\/media?parent=4906"}],"curies":[{"name":"wp","href":"https:\/\/api.w.org\/{rel}","templated":true}]}}