{"id":2106,"date":"2022-04-25T20:26:18","date_gmt":"2022-04-25T18:26:18","guid":{"rendered":"https:\/\/www.stationgallery.sk\/?page_id=2106"},"modified":"2025-05-04T16:33:22","modified_gmt":"2025-05-04T14:33:22","slug":"juraj-toman","status":"publish","type":"page","link":"https:\/\/www.stationgallery.sk\/en\/artists\/juraj-toman\/","title":{"rendered":"Juraj Toman"},"content":{"rendered":"<div class=\"wpb-content-wrapper\">[vc_row curly_padding=&#8221;content-padding&#8221; css=&#8221;.vc_custom_1504195713546{padding-bottom: 0px !important;}&#8221;][vc_column][vc_column_text]\n<h1 class=\"display-3 special-title\" style=\"text-align: center;\">Juraj Toman<\/h1>\n[\/vc_column_text][vc_empty_space height=&#8221;&#8221; el_class=&#8221;xtd-spacer&#8221;][\/vc_column][vc_column width=&#8221;1\/3&#8243;][vc_single_image image=&#8221;4944&#8243; img_size=&#8221;full&#8221; style=&#8221;xtd-shadow&#8211;normal-light&#8221; css=&#8221;&#8221; el_class=&#8221;xtd-offset-frame&#8221;][vc_empty_space height=&#8221;&#8221; el_class=&#8221;xtd-spacer&#8221;][\/vc_column][vc_column width=&#8221;2\/3&#8243; offset=&#8221;vc_col-lg-offset-1 vc_col-lg-7&#8243;][vc_row_inner el_class=&#8221;mb-3&#8243;][vc_column_inner][vc_btn title=&#8221;Artworks available&#8221; style=&#8221;btn-outline-primary&#8221; i_align=&#8221;right&#8221; i_icon_fontawesome=&#8221;fas fa-long-arrow-alt-down&#8221; add_icon=&#8221;true&#8221; link=&#8221;url:%23diela|&#8221; el_class=&#8221;mr-3&#8243;][vc_btn title=&#8221;Exhibition&#8221; style=&#8221;btn-outline-primary&#8221; i_align=&#8221;right&#8221; i_icon_fontawesome=&#8221;fas fa-long-arrow-alt-down&#8221; add_icon=&#8221;true&#8221; link=&#8221;url:%23vystavy|&#8221; el_class=&#8221;mr-3&#8243;][vc_btn title=&#8221;Curriculum vitae&#8221; style=&#8221;btn-outline-primary&#8221; i_align=&#8221;right&#8221; i_icon_fontawesome=&#8221;fas fa-long-arrow-alt-down&#8221; add_icon=&#8221;true&#8221; link=&#8221;url:%23zivotopis|&#8221;][\/vc_column_inner][\/vc_row_inner][vc_column_text css=&#8221;&#8221;]Juraj Toman (1985) is an author of the middle generation of Slovak authors. He studied at the Academy of Arts in Bansk\u00e1 Bystrica and at the Academy of Fine Arts in Bratislava &#8211; 2011. In 2014 he completed his doctoral studies at the Academy of Arts in Bansk\u00e1 Bystrica under prof. \u013dudov\u00edt Holoska. Since 2014 he has been working as an assistant professor at the Department of Art and Education at the Charles University in Nitra.<\/p>\n<p>In his work he is interested in the phenomenon of time and space, which is almost physically connected with the process of painting. He draws his ideas from his surroundings. In his work he uses a combination of approaches of plein air painting directly on the site and in time, with photography, video, but also memory. He has had several solo exhibitions, including a pair with Juraj Florek, and also group exhibitions. Together with Florek they have completed residencies at Gallery BB15 Linz, PR\u00c1M STUDIOS Prague, N\u00e1stupi\u0161te 1-12 Topo\u013e\u010dany.[\/vc_column_text][\/vc_column][\/vc_row][vc_row el_id=&#8221;diela&#8221;][vc_column][vc_column_text]\n<h2 class=\"special-title\" style=\"text-align: center;\">Artworks available<\/h2>\n[\/vc_column_text][vc_media_grid element_width=&#8221;3&#8243; grid_id=&#8221;vc_gid:1746369156100-0aa6755c-6ddd-9&#8243; include=&#8221;1957,1960&#8243;][\/vc_column][\/vc_row][vc_row el_id=&#8221;vystavy&#8221;][vc_column][vc_column_text]\n<h2 class=\"special-title\" style=\"text-align: center;\">Exhibition<\/h2>\n[\/vc_column_text][vc_media_grid element_width=&#8221;3&#8243; grid_id=&#8221;vc_gid:1746369156102-b7ee4b7a-a657-7&#8243; include=&#8221;1938,1940,1942,1944,1948,1950,1952,1954&#8243;][\/vc_column][\/vc_row][vc_row el_id=&#8221;zivotopis&#8221;][vc_column][vc_column_text]\n<h2 class=\"special-title\" style=\"text-align: center;\">Curriculum vitae<\/h2>\n[\/vc_column_text][vc_row_inner][vc_column_inner width=&#8221;1\/2&#8243;][vc_column_text][\/vc_column_text][\/vc_column_inner][vc_column_inner width=&#8221;1\/2&#8243;][vc_column_text][\/vc_column_text][\/vc_column_inner][\/vc_row_inner][\/vc_column][\/vc_row]\n<\/div>","protected":false},"excerpt":{"rendered":"<p>[vc_row curly_padding=&#8221;content-padding&#8221; css=&#8221;.vc_custom_1504195713546{padding-bottom: 0px !important;}&#8221;][vc_column][vc_column_text] Juraj Toman [\/vc_column_text][vc_empty_space height=&#8221;&#8221; el_class=&#8221;xtd-spacer&#8221;][\/vc_column][vc_column width=&#8221;1\/3&#8243;][vc_single_image image=&#8221;4944&#8243; img_size=&#8221;full&#8221; style=&#8221;xtd-shadow&#8211;normal-light&#8221; css=&#8221;&#8221; el_class=&#8221;xtd-offset-frame&#8221;][vc_empty_space height=&#8221;&#8221; el_class=&#8221;xtd-spacer&#8221;][\/vc_column][vc_column width=&#8221;2\/3&#8243; offset=&#8221;vc_col-lg-offset-1 vc_col-lg-7&#8243;][vc_row_inner el_class=&#8221;mb-3&#8243;][vc_column_inner][vc_btn title=&#8221;Artworks available&#8221; style=&#8221;btn-outline-primary&#8221; i_align=&#8221;right&#8221; i_icon_fontawesome=&#8221;fas fa-long-arrow-alt-down&#8221; add_icon=&#8221;true&#8221; link=&#8221;url:%23diela|&#8221; el_class=&#8221;mr-3&#8243;][vc_btn title=&#8221;Exhibition&#8221; style=&#8221;btn-outline-primary&#8221; i_align=&#8221;right&#8221; i_icon_fontawesome=&#8221;fas fa-long-arrow-alt-down&#8221; add_icon=&#8221;true&#8221; link=&#8221;url:%23vystavy|&#8221; el_class=&#8221;mr-3&#8243;][vc_btn title=&#8221;Curriculum vitae&#8221; style=&#8221;btn-outline-primary&#8221; i_align=&#8221;right&#8221; i_icon_fontawesome=&#8221;fas fa-long-arrow-alt-down&#8221; add_icon=&#8221;true&#8221; link=&#8221;url:%23zivotopis|&#8221;][\/vc_column_inner][\/vc_row_inner][vc_column_text css=&#8221;&#8221;]Juraj Toman (1985) is an author of the middle generation of Slovak authors. [&hellip;]<\/p>\n","protected":false},"author":3,"featured_media":0,"parent":803,"menu_order":0,"comment_status":"closed","ping_status":"closed","template":"","meta":{"footnotes":""},"class_list":["post-2106","page","type-page","status-publish","hentry"],"yoast_head":"<!-- This site is optimized with the Yoast SEO plugin v24.8.1 - https:\/\/yoast.com\/wordpress\/plugins\/seo\/ -->\n<title>Juraj Toman | Station Contemporary Art Gallery<\/title>\n<meta name=\"robots\" content=\"index, follow, max-snippet:-1, max-image-preview:large, max-video-preview:-1\" \/>\n<link rel=\"canonical\" href=\"https:\/\/www.stationgallery.sk\/en\/artists\/juraj-toman\/\" \/>\n<meta property=\"og:locale\" content=\"en_US\" \/>\n<meta property=\"og:type\" content=\"article\" \/>\n<meta property=\"og:title\" content=\"Juraj Toman | Station Contemporary Art Gallery\" \/>\n<meta property=\"og:description\" content=\"[vc_row curly_padding=&#8221;content-padding&#8221; css=&#8221;.vc_custom_1504195713546{padding-bottom: 0px !important;}&#8221;][vc_column][vc_column_text] Juraj Toman [\/vc_column_text][vc_empty_space height=&#8221;&#8221; el_class=&#8221;xtd-spacer&#8221;][\/vc_column][vc_column width=&#8221;1\/3&#8243;][vc_single_image image=&#8221;4944&#8243; img_size=&#8221;full&#8221; style=&#8221;xtd-shadow&#8211;normal-light&#8221; css=&#8221;&#8221; el_class=&#8221;xtd-offset-frame&#8221;][vc_empty_space height=&#8221;&#8221; el_class=&#8221;xtd-spacer&#8221;][\/vc_column][vc_column width=&#8221;2\/3&#8243; offset=&#8221;vc_col-lg-offset-1 vc_col-lg-7&#8243;][vc_row_inner el_class=&#8221;mb-3&#8243;][vc_column_inner][vc_btn title=&#8221;Artworks available&#8221; style=&#8221;btn-outline-primary&#8221; i_align=&#8221;right&#8221; i_icon_fontawesome=&#8221;fas fa-long-arrow-alt-down&#8221; add_icon=&#8221;true&#8221; link=&#8221;url:%23diela|&#8221; el_class=&#8221;mr-3&#8243;][vc_btn title=&#8221;Exhibition&#8221; style=&#8221;btn-outline-primary&#8221; i_align=&#8221;right&#8221; i_icon_fontawesome=&#8221;fas fa-long-arrow-alt-down&#8221; add_icon=&#8221;true&#8221; link=&#8221;url:%23vystavy|&#8221; el_class=&#8221;mr-3&#8243;][vc_btn title=&#8221;Curriculum vitae&#8221; style=&#8221;btn-outline-primary&#8221; i_align=&#8221;right&#8221; i_icon_fontawesome=&#8221;fas fa-long-arrow-alt-down&#8221; add_icon=&#8221;true&#8221; link=&#8221;url:%23zivotopis|&#8221;][\/vc_column_inner][\/vc_row_inner][vc_column_text css=&#8221;&#8221;]Juraj Toman (1985) is an author of the middle generation of Slovak authors. [&hellip;]\" \/>\n<meta property=\"og:url\" content=\"https:\/\/www.stationgallery.sk\/en\/artists\/juraj-toman\/\" \/>\n<meta property=\"og:site_name\" content=\"Station Contemporary Art Gallery\" \/>\n<meta property=\"article:modified_time\" content=\"2025-05-04T14:33:22+00:00\" \/>\n<meta name=\"twitter:card\" content=\"summary_large_image\" \/>\n<meta name=\"twitter:label1\" content=\"Est. reading time\" \/>\n\t<meta name=\"twitter:data1\" content=\"4 minutes\" \/>\n<script type=\"application\/ld+json\" class=\"yoast-schema-graph\">{\"@context\":\"https:\/\/schema.org\",\"@graph\":[{\"@type\":\"WebPage\",\"@id\":\"https:\/\/www.stationgallery.sk\/en\/artists\/juraj-toman\/\",\"url\":\"https:\/\/www.stationgallery.sk\/en\/artists\/juraj-toman\/\",\"name\":\"Juraj Toman | Station Contemporary Art Gallery\",\"isPartOf\":{\"@id\":\"https:\/\/www.stationgallery.sk\/en\/#website\"},\"datePublished\":\"2022-04-25T18:26:18+00:00\",\"dateModified\":\"2025-05-04T14:33:22+00:00\",\"breadcrumb\":{\"@id\":\"https:\/\/www.stationgallery.sk\/en\/artists\/juraj-toman\/#breadcrumb\"},\"inLanguage\":\"en-US\",\"potentialAction\":[{\"@type\":\"ReadAction\",\"target\":[\"https:\/\/www.stationgallery.sk\/en\/artists\/juraj-toman\/\"]}]},{\"@type\":\"BreadcrumbList\",\"@id\":\"https:\/\/www.stationgallery.sk\/en\/artists\/juraj-toman\/#breadcrumb\",\"itemListElement\":[{\"@type\":\"ListItem\",\"position\":1,\"name\":\"Domovsk\u00e1 str\u00e1nka\",\"item\":\"https:\/\/www.stationgallery.sk\/en\/\"},{\"@type\":\"ListItem\",\"position\":2,\"name\":\"Artists\",\"item\":\"https:\/\/www.stationgallery.sk\/en\/artists\/\"},{\"@type\":\"ListItem\",\"position\":3,\"name\":\"Juraj Toman\"}]},{\"@type\":\"WebSite\",\"@id\":\"https:\/\/www.stationgallery.sk\/en\/#website\",\"url\":\"https:\/\/www.stationgallery.sk\/en\/\",\"name\":\"Station Contemporary Art Gallery\",\"description\":\"\",\"publisher\":{\"@id\":\"https:\/\/www.stationgallery.sk\/en\/#organization\"},\"potentialAction\":[{\"@type\":\"SearchAction\",\"target\":{\"@type\":\"EntryPoint\",\"urlTemplate\":\"https:\/\/www.stationgallery.sk\/en\/?s={search_term_string}\"},\"query-input\":{\"@type\":\"PropertyValueSpecification\",\"valueRequired\":true,\"valueName\":\"search_term_string\"}}],\"inLanguage\":\"en-US\"},{\"@type\":\"Organization\",\"@id\":\"https:\/\/www.stationgallery.sk\/en\/#organization\",\"name\":\"STATION Contemporary Art Gallery\",\"url\":\"https:\/\/www.stationgallery.sk\/en\/\",\"logo\":{\"@type\":\"ImageObject\",\"inLanguage\":\"en-US\",\"@id\":\"https:\/\/www.stationgallery.sk\/en\/#\/schema\/logo\/image\/\",\"url\":\"https:\/\/www.stationgallery.sk\/wp-content\/uploads\/2020\/12\/station-gallery-logo.png\",\"contentUrl\":\"https:\/\/www.stationgallery.sk\/wp-content\/uploads\/2020\/12\/station-gallery-logo.png\",\"width\":649,\"height\":115,\"caption\":\"STATION Contemporary Art Gallery\"},\"image\":{\"@id\":\"https:\/\/www.stationgallery.sk\/en\/#\/schema\/logo\/image\/\"}}]}<\/script>\n<!-- \/ Yoast SEO plugin. -->","yoast_head_json":{"title":"Juraj Toman | Station Contemporary Art Gallery","robots":{"index":"index","follow":"follow","max-snippet":"max-snippet:-1","max-image-preview":"max-image-preview:large","max-video-preview":"max-video-preview:-1"},"canonical":"https:\/\/www.stationgallery.sk\/en\/artists\/juraj-toman\/","og_locale":"en_US","og_type":"article","og_title":"Juraj Toman | Station Contemporary Art Gallery","og_description":"[vc_row curly_padding=&#8221;content-padding&#8221; css=&#8221;.vc_custom_1504195713546{padding-bottom: 0px !important;}&#8221;][vc_column][vc_column_text] Juraj Toman [\/vc_column_text][vc_empty_space height=&#8221;&#8221; el_class=&#8221;xtd-spacer&#8221;][\/vc_column][vc_column width=&#8221;1\/3&#8243;][vc_single_image image=&#8221;4944&#8243; img_size=&#8221;full&#8221; style=&#8221;xtd-shadow&#8211;normal-light&#8221; css=&#8221;&#8221; el_class=&#8221;xtd-offset-frame&#8221;][vc_empty_space height=&#8221;&#8221; el_class=&#8221;xtd-spacer&#8221;][\/vc_column][vc_column width=&#8221;2\/3&#8243; offset=&#8221;vc_col-lg-offset-1 vc_col-lg-7&#8243;][vc_row_inner el_class=&#8221;mb-3&#8243;][vc_column_inner][vc_btn title=&#8221;Artworks available&#8221; style=&#8221;btn-outline-primary&#8221; i_align=&#8221;right&#8221; i_icon_fontawesome=&#8221;fas fa-long-arrow-alt-down&#8221; add_icon=&#8221;true&#8221; link=&#8221;url:%23diela|&#8221; el_class=&#8221;mr-3&#8243;][vc_btn title=&#8221;Exhibition&#8221; style=&#8221;btn-outline-primary&#8221; i_align=&#8221;right&#8221; i_icon_fontawesome=&#8221;fas fa-long-arrow-alt-down&#8221; add_icon=&#8221;true&#8221; link=&#8221;url:%23vystavy|&#8221; el_class=&#8221;mr-3&#8243;][vc_btn title=&#8221;Curriculum vitae&#8221; style=&#8221;btn-outline-primary&#8221; i_align=&#8221;right&#8221; i_icon_fontawesome=&#8221;fas fa-long-arrow-alt-down&#8221; add_icon=&#8221;true&#8221; link=&#8221;url:%23zivotopis|&#8221;][\/vc_column_inner][\/vc_row_inner][vc_column_text css=&#8221;&#8221;]Juraj Toman (1985) is an author of the middle generation of Slovak authors. [&hellip;]","og_url":"https:\/\/www.stationgallery.sk\/en\/artists\/juraj-toman\/","og_site_name":"Station Contemporary Art Gallery","article_modified_time":"2025-05-04T14:33:22+00:00","twitter_card":"summary_large_image","twitter_misc":{"Est. reading time":"4 minutes"},"schema":{"@context":"https:\/\/schema.org","@graph":[{"@type":"WebPage","@id":"https:\/\/www.stationgallery.sk\/en\/artists\/juraj-toman\/","url":"https:\/\/www.stationgallery.sk\/en\/artists\/juraj-toman\/","name":"Juraj Toman | Station Contemporary Art Gallery","isPartOf":{"@id":"https:\/\/www.stationgallery.sk\/en\/#website"},"datePublished":"2022-04-25T18:26:18+00:00","dateModified":"2025-05-04T14:33:22+00:00","breadcrumb":{"@id":"https:\/\/www.stationgallery.sk\/en\/artists\/juraj-toman\/#breadcrumb"},"inLanguage":"en-US","potentialAction":[{"@type":"ReadAction","target":["https:\/\/www.stationgallery.sk\/en\/artists\/juraj-toman\/"]}]},{"@type":"BreadcrumbList","@id":"https:\/\/www.stationgallery.sk\/en\/artists\/juraj-toman\/#breadcrumb","itemListElement":[{"@type":"ListItem","position":1,"name":"Domovsk\u00e1 str\u00e1nka","item":"https:\/\/www.stationgallery.sk\/en\/"},{"@type":"ListItem","position":2,"name":"Artists","item":"https:\/\/www.stationgallery.sk\/en\/artists\/"},{"@type":"ListItem","position":3,"name":"Juraj Toman"}]},{"@type":"WebSite","@id":"https:\/\/www.stationgallery.sk\/en\/#website","url":"https:\/\/www.stationgallery.sk\/en\/","name":"Station Contemporary Art Gallery","description":"","publisher":{"@id":"https:\/\/www.stationgallery.sk\/en\/#organization"},"potentialAction":[{"@type":"SearchAction","target":{"@type":"EntryPoint","urlTemplate":"https:\/\/www.stationgallery.sk\/en\/?s={search_term_string}"},"query-input":{"@type":"PropertyValueSpecification","valueRequired":true,"valueName":"search_term_string"}}],"inLanguage":"en-US"},{"@type":"Organization","@id":"https:\/\/www.stationgallery.sk\/en\/#organization","name":"STATION Contemporary Art Gallery","url":"https:\/\/www.stationgallery.sk\/en\/","logo":{"@type":"ImageObject","inLanguage":"en-US","@id":"https:\/\/www.stationgallery.sk\/en\/#\/schema\/logo\/image\/","url":"https:\/\/www.stationgallery.sk\/wp-content\/uploads\/2020\/12\/station-gallery-logo.png","contentUrl":"https:\/\/www.stationgallery.sk\/wp-content\/uploads\/2020\/12\/station-gallery-logo.png","width":649,"height":115,"caption":"STATION Contemporary Art Gallery"},"image":{"@id":"https:\/\/www.stationgallery.sk\/en\/#\/schema\/logo\/image\/"}}]}},"_links":{"self":[{"href":"https:\/\/www.stationgallery.sk\/en\/wp-json\/wp\/v2\/pages\/2106","targetHints":{"allow":["GET"]}}],"collection":[{"href":"https:\/\/www.stationgallery.sk\/en\/wp-json\/wp\/v2\/pages"}],"about":[{"href":"https:\/\/www.stationgallery.sk\/en\/wp-json\/wp\/v2\/types\/page"}],"author":[{"embeddable":true,"href":"https:\/\/www.stationgallery.sk\/en\/wp-json\/wp\/v2\/users\/3"}],"replies":[{"embeddable":true,"href":"https:\/\/www.stationgallery.sk\/en\/wp-json\/wp\/v2\/comments?post=2106"}],"version-history":[{"count":9,"href":"https:\/\/www.stationgallery.sk\/en\/wp-json\/wp\/v2\/pages\/2106\/revisions"}],"predecessor-version":[{"id":4954,"href":"https:\/\/www.stationgallery.sk\/en\/wp-json\/wp\/v2\/pages\/2106\/revisions\/4954"}],"up":[{"embeddable":true,"href":"https:\/\/www.stationgallery.sk\/en\/wp-json\/wp\/v2\/pages\/803"}],"wp:attachment":[{"href":"https:\/\/www.stationgallery.sk\/en\/wp-json\/wp\/v2\/media?parent=2106"}],"curies":[{"name":"wp","href":"https:\/\/api.w.org\/{rel}","templated":true}]}}